{"id":4508,"date":"2025-10-10T12:00:15","date_gmt":"2025-10-10T15:00:15","guid":{"rendered":"https:\/\/flashengenharia.com.br\/elementor-4101\/"},"modified":"2026-03-26T14:15:12","modified_gmt":"2026-03-26T17:15:12","slug":"privacy-policy","status":"publish","type":"page","link":"https:\/\/flashengenharia.com.br\/en\/privacy-policy\/","title":{"rendered":"Privacy Policy"},"content":{"rendered":"\t\t<div data-elementor-type=\"wp-page\" data-elementor-id=\"4508\" class=\"elementor elementor-4508 elementor-4101\" data-elementor-post-type=\"page\">\n\t\t\t\t<div class=\"elementor-element elementor-element-79b2470 e-flex e-con-boxed e-con e-parent\" data-id=\"79b2470\" data-element_type=\"container\" data-e-type=\"container\">\n\t\t\t\t\t<div class=\"e-con-inner\">\n\t\t\t\t<div class=\"elementor-element elementor-element-e4d0d16 elementor-widget elementor-widget-text-editor\" data-id=\"e4d0d16\" data-element_type=\"widget\" data-e-type=\"widget\" data-widget_type=\"text-editor.default\">\n\t\t\t\t\t\t\t\t\t<h3 style=\"color: #000; border-bottom: 2px solid #ccc; padding-bottom: 10px;\">PRIVACY POLICY &#8211; FLASH ENGENHARIA<\/h3>\n<p><strong>Ver.1.0\/2025<\/strong><\/p>\n<ol>\n<li><strong>OBJECTIVE OF THIS POLICY<\/strong><\/li><\/ol>\n<p><strong>FLASH INDUSTRIA E COMERCIO DE PRODUTOS E SISTEMAS ELETROELETRONICOS LTDA<\/strong>, hereinafter referred to as &#8220;<strong>FLASH ENGENHARIA<\/strong>&#8221; (CNPJ No. 04.844.206\/0001-59), headquartered at Rua Professora Celia Cangro Marques Mendes, No. 1000 &#8211; Alto da Boa Vista &#8211; Sorocaba, SP &#8211; CEP 18.087-171, acts as the <strong>Data Controller<\/strong> for personal data. The company employs its best efforts to provide adequate protection measures in all its operations and to implement consistent, effective, and rigorous policies and procedures. Recognizing the importance of your privacy, we have developed this Policy to inform you regarding the conditions under which we <strong>Process and Protect<\/strong> your Personal Data. This Policy also describes your rights and how you can contact us to exercise them or ask any questions regarding the protection of your Personal Data.<\/p>\n<p>The terms of this Policy apply to Users and\/or Visitors of the website https:\/\/flashengenharia.com.br, also referred to as <strong>DIGITAL CHANNELS<\/strong>.<\/p>\n<p><\/p>\n<p><strong>2. ORIGIN OF PERSONAL DATA<\/strong><\/p>\n<p><strong>FLASH ENGENHARIA<\/strong> collects and processes your Personal Data, which may be provided:<\/p>\n<ul>\n<li><strong>I.<\/strong> By the company that contracts <strong>FLASH ENGENHARIA<\/strong>&#8216;s services on your behalf; and<\/li>\n<li><strong>II.<\/strong> Through the collection of information from other reliable sources.<\/li>\n<\/ul>\n<p>The information collected by <strong>FLASH ENGENHARIA<\/strong> includes:<\/p>\n<ul>\n<li><strong>a) For natural persons:<\/strong> name, CPF (Taxpayer ID), RG (ID number), email, marital status, telephone and mobile numbers, address, and date of birth.<\/li>\n<li><strong>b) For legal entities:<\/strong> corporate name, CNPJ (Corporate Tax ID), name of the legal representative, RG and CPF of the legal representative, number of employees, revenue, full address, and telephone number.<\/li>\n<\/ul>\n<p><strong>3. PURPOSES FOR WHICH WE USE PERSONAL DATA<\/strong><\/p>\n<p>The Personal Data collected by <strong>FLASH ENGENHARIA<\/strong> is used to provide its services, ensure they function as expected, improve them, and help enhance the reliability and security of all our services. Specifically, <strong>FLASH ENGENHARIA<\/strong> may use your Personal Data for the following purposes:<\/p>\n<ul>\n<li>To administer, provide services, and fulfill obligations arising from the services made available by <strong>FLASH ENGENHARIA<\/strong>;<\/li>\n<li>To inform users about news, services, features, content, benefits, promotions, and other relevant relationship events;<\/li>\n<li>To create action plans for the improvement of our services\/products;<\/li>\n<li>To collaborate with and\/or comply with court orders or requests from administrative authorities;<\/li>\n<li>Any other purpose that will be communicated to you, if applicable, at the time of data collection.<\/li>\n<\/ul>\n<p><strong>FLASH ENGENHARIA<\/strong> does not sell or trade information that could identify you.<\/p>\n<p><\/p>\n<p><strong>4. LEGAL BASIS FOR PROCESSING PERSONAL DATA<\/strong><\/p>\n<p><strong>FLASH ENGENHARIA<\/strong> processes Personal Data as part of the performance and management of our contractual relationship with you and\/or with the company contracting our services, in our legitimate interest or that of third parties (provided legal requirements are met), in compliance with certain legal or regulatory obligations, or when necessary for the regular exercise of rights in judicial, administrative, or arbitration proceedings. Your Personal Data may also be processed based on your prior consent, should your consent be requested under certain circumstances.<\/p>\n<p><\/p>\n<p><strong>5. SHARING PERSONAL DATA<\/strong><\/p>\n<p>The security and confidentiality of your Personal Data are of great importance to us. Therefore, we restrict access to your Personal Data only to our duly authorized professionals who need such knowledge to process your requests or provide the requested service(s).<\/p>\n<p>We will not disclose your Personal Data to unauthorized third parties. However, we may share your Personal Data with entities within the client&#8217;s group and with authorized service providers we work with (e.g., Call Centers, relationship agents, BackOffice services, IT and technology consultants, etc.). In such cases, we ensure that your Personal Data is processed only for legitimate, specific, explicit, and informed purposes. Furthermore, we may share Personal Data when we believe, in good faith, that we have an obligation to:<\/p>\n<ul>\n<li><strong>I.<\/strong> Comply with a law, regulation, or court order;<\/li>\n<li><strong>II.<\/strong> Respond to requests for information made by a regulatory body, police authority, or other public authorities;<\/li>\n<li><strong>III.<\/strong> Enforce and\/or protect the property or rights of <strong>FLASH ENGENHARIA<\/strong>, including investigating fraud and helping to prevent security threats;<\/li>\n<li><strong>IV.<\/strong> Protect the legitimate interests of third parties, including the personal safety of <strong>FLASH ENGENHARIA<\/strong> employees.<\/li>\n<\/ul>\n<p><strong>6. STORAGE OF YOUR PERSONAL DATA<\/strong><\/p>\n<p>We store your Personal Data in our databases in a secure environment, ensuring secrecy and confidentiality, only for the time necessary to fulfill the purposes for which they were collected, observing applicable legal periods and the need for defense in legal proceedings. Once the legal necessity ends, your Personal Data will be deleted using secure disposal methods or anonymized for statistical purposes.<\/p>\n<p><\/p>\n<p><strong>7. INTERNATIONAL TRANSFER OF PERSONAL DATA<\/strong><\/p>\n<p>As <strong>FLASH ENGENHARIA<\/strong> operates in areas aligned with its clients, your Personal Data may eventually be transferred to recipients located outside Brazil authorized to perform services on our behalf. In the event of an international transfer, we will adopt the necessary measures to ensure adequate safeguards for the protection of your Personal Data in accordance with the <strong>LGPD<\/strong>.<\/p>\n<p><\/p>\n<p><strong>8. EXERCISING YOUR RIGHTS UNDER THE LGPD<\/strong><\/p>\n<p><strong>FLASH ENGENHARIA<\/strong> respects the rights you hold as a Data Subject and enables their exercise in accordance with <strong>Article 18 of Law No. 13.709\/2018<\/strong>. To exercise any of your rights, please refer to <strong>Section 12: CONTACT US<\/strong>. To ensure your privacy and as a security\/fraud prevention measure, we may request proof of identity before fulfilling your request.<\/p>\n<p><\/p>\n<p><strong>9. SECURITY APPLICABLE TO DATA PROTECTION<\/strong><\/p>\n<p>We implement the best market practices for technical and administrative security to protect your Personal Data from unauthorized access and accidental or unlawful situations of destruction, loss, alteration, communication, or dissemination, as determined by current legislation.<\/p>\n<p><\/p>\n<p><strong>10. ACCESS AND UPDATES TO OUR PRIVACY POLICY<\/strong><\/p>\n<p>By accessing the <strong>DIGITAL CHANNELS<\/strong> of <strong>FLASH ENGENHARIA<\/strong>, you expressly agree to this Policy. You must read and ensure you have understood all conditions established herein. By accepting this Policy, you agree to provide only true, current, and accurate Personal Data. You are solely responsible for any false or inaccurate information provided. Any changes to this Policy will be published as a new version on the <strong>DIGITAL CHANNELS<\/strong>, indicating the revision date.<\/p>\n<p><\/p>\n<p><strong>11. APPLICABLE LAW AND JURISDICTION<\/strong><\/p>\n<p>This Privacy Policy shall be governed, interpreted, and enforced in accordance with Brazilian law. The <strong>Forum of the District of Sorocaba<\/strong> is elected to resolve any litigation or controversy involving this document. Outside the State, <strong>JUSPRO \u2013 Justi\u00e7a Sem Processo Media\u00e7\u00e3o e Concilia\u00e7\u00e3o S\/S Ltda.<\/strong> is appointed as the Mediation Chamber to resolve issues involving Data Subjects, pursuant to Art. 52, \u00a77\u00ba of the LGPD.<\/p>\n<p><\/p>\n<p><strong>12. CONTACT US REGARDING YOUR LGPD RIGHTS<\/strong><\/p>\n<p><strong>FLASH ENGENHARIA<\/strong> has appointed <strong>Mr. Henrique Rodrigues<\/strong> and <strong>Ms. Jessica Rodrigues<\/strong> as the <strong>Data Protection Officers (DPO)<\/strong>. They will lead the new practices to be implemented from November 2025.<\/p>\n<ul>\n<li><strong>Direct Line:<\/strong> (47) 93300-8431 (DPO Manager) | (47) 93300-9607 (DPO Operational)<\/li>\n<li><strong>Email:<\/strong> lgpd@flashengenharia.com.br<\/li>\n<li><strong>Address for requests:<\/strong> Rua Professora Celia Cangro Marques Mendes, No. 1000 &#8211; Alto da Boa Vista &#8211; Sorocaba, SP &#8211; CEP 18.087-171. (Requests via mail must include a Return Receipt\/AR).<\/li>\n<\/ul>\n<p><strong>13. LAST UPDATE AND PREVIOUS VERSIONS<\/strong><\/p>\n<p>The last update of this Privacy Policy was performed on <strong>December 11, 2025<\/strong>.<\/p>\n<p><\/p>\t\t\t\t\t\t\t\t<\/div>\n\t\t\t\t\t<\/div>\n\t\t\t\t<\/div>\n\t\t\t\t<\/div>\n\t\t","protected":false},"excerpt":{"rendered":"<p>PRIVACY POLICY &#8211; FLASH ENGENHARIA Ver.1.0\/2025 OBJECTIVE OF THIS POLICY FLASH INDUSTRIA E COMERCIO DE PRODUTOS E SISTEMAS ELETROELETRONICOS LTDA, hereinafter referred to as &#8220;FLASH ENGENHARIA&#8221; (CNPJ No. 04.844.206\/0001-59), headquartered at Rua Professora Celia Cangro Marques Mendes, No. 1000 &#8211; Alto da Boa Vista &#8211; Sorocaba, SP &#8211; CEP 18.087-171, acts as the Data Controller [&hellip;]<\/p>\n","protected":false},"author":4,"featured_media":0,"parent":0,"menu_order":0,"comment_status":"closed","ping_status":"closed","template":"","meta":{"_acf_changed":false,"site-sidebar-layout":"no-sidebar","site-content-layout":"page-builder","ast-site-content-layout":"full-width-container","site-content-style":"unboxed","site-sidebar-style":"unboxed","ast-global-header-display":"","ast-banner-title-visibility":"","ast-main-header-display":"","ast-hfb-above-header-display":"","ast-hfb-below-header-display":"","ast-hfb-mobile-header-display":"","site-post-title":"","ast-breadcrumbs-content":"","ast-featured-img":"disabled","footer-sml-layout":"","ast-disable-related-posts":"","theme-transparent-header-meta":"default","adv-header-id-meta":"","stick-header-meta":"","header-above-stick-meta":"","header-main-stick-meta":"","header-below-stick-meta":"","astra-migrate-meta-layouts":"set","ast-page-background-enabled":"default","ast-page-background-meta":{"desktop":{"background-color":"var(--ast-global-color-4)","background-image":"","background-repeat":"repeat","background-position":"center center","background-size":"auto","background-attachment":"scroll","background-type":"","background-media":"","overlay-type":"","overlay-color":"","overlay-opacity":"","overlay-gradient":""},"tablet":{"background-color":"","background-image":"","background-repeat":"repeat","background-position":"center center","background-size":"auto","background-attachment":"scroll","background-type":"","background-media":"","overlay-type":"","overlay-color":"","overlay-opacity":"","overlay-gradient":""},"mobile":{"background-color":"","background-image":"","background-repeat":"repeat","background-position":"center center","background-size":"auto","background-attachment":"scroll","background-type":"","background-media":"","overlay-type":"","overlay-color":"","overlay-opacity":"","overlay-gradient":""}},"ast-content-background-meta":{"desktop":{"background-color":"var(--ast-global-color-5)","background-image":"","background-repeat":"repeat","background-position":"center center","background-size":"auto","background-attachment":"scroll","background-type":"","background-media":"","overlay-type":"","overlay-color":"","overlay-opacity":"","overlay-gradient":""},"tablet":{"background-color":"var(--ast-global-color-5)","background-image":"","background-repeat":"repeat","background-position":"center center","background-size":"auto","background-attachment":"scroll","background-type":"","background-media":"","overlay-type":"","overlay-color":"","overlay-opacity":"","overlay-gradient":""},"mobile":{"background-color":"var(--ast-global-color-5)","background-image":"","background-repeat":"repeat","background-position":"center center","background-size":"auto","background-attachment":"scroll","background-type":"","background-media":"","overlay-type":"","overlay-color":"","overlay-opacity":"","overlay-gradient":""}},"footnotes":""},"class_list":["post-4508","page","type-page","status-publish","hentry"],"acf":[],"yoast_head":"<!-- This site is optimized with the Yoast SEO plugin v27.6 - https:\/\/yoast.com\/product\/yoast-seo-wordpress\/ -->\n<title>Privacy Policy - Flash Engenharia<\/title>\n<meta name=\"robots\" content=\"index, follow, max-snippet:-1, max-image-preview:large, max-video-preview:-1\" \/>\n<link rel=\"canonical\" href=\"https:\/\/flashengenharia.com.br\/en\/privacy-policy\/\" \/>\n<meta property=\"og:locale\" content=\"en_US\" \/>\n<meta property=\"og:type\" content=\"article\" \/>\n<meta property=\"og:title\" content=\"Privacy Policy - Flash Engenharia\" \/>\n<meta property=\"og:description\" content=\"PRIVACY POLICY &#8211; FLASH ENGENHARIA Ver.1.0\/2025 OBJECTIVE OF THIS POLICY FLASH INDUSTRIA E COMERCIO DE PRODUTOS E SISTEMAS ELETROELETRONICOS LTDA, hereinafter referred to as &#8220;FLASH ENGENHARIA&#8221; (CNPJ No. 04.844.206\/0001-59), headquartered at Rua Professora Celia Cangro Marques Mendes, No. 1000 &#8211; Alto da Boa Vista &#8211; Sorocaba, SP &#8211; CEP 18.087-171, acts as the Data Controller [&hellip;]\" \/>\n<meta property=\"og:url\" content=\"https:\/\/flashengenharia.com.br\/en\/privacy-policy\/\" \/>\n<meta property=\"og:site_name\" content=\"Flash Engenharia\" \/>\n<meta property=\"article:modified_time\" content=\"2026-03-26T17:15:12+00:00\" \/>\n<meta name=\"twitter:card\" content=\"summary_large_image\" \/>\n<meta name=\"twitter:label1\" content=\"Est. reading time\" \/>\n\t<meta name=\"twitter:data1\" content=\"7 minutes\" \/>\n<script type=\"application\/ld+json\" class=\"yoast-schema-graph\">{\"@context\":\"https:\\\/\\\/schema.org\",\"@graph\":[{\"@type\":\"WebPage\",\"@id\":\"https:\\\/\\\/flashengenharia.com.br\\\/en\\\/privacy-policy\\\/\",\"url\":\"https:\\\/\\\/flashengenharia.com.br\\\/en\\\/privacy-policy\\\/\",\"name\":\"Privacy Policy - Flash Engenharia\",\"isPartOf\":{\"@id\":\"https:\\\/\\\/flashengenharia.com.br\\\/#website\"},\"datePublished\":\"2025-10-10T15:00:15+00:00\",\"dateModified\":\"2026-03-26T17:15:12+00:00\",\"breadcrumb\":{\"@id\":\"https:\\\/\\\/flashengenharia.com.br\\\/en\\\/privacy-policy\\\/#breadcrumb\"},\"inLanguage\":\"en-US\",\"potentialAction\":[{\"@type\":\"ReadAction\",\"target\":[\"https:\\\/\\\/flashengenharia.com.br\\\/en\\\/privacy-policy\\\/\"]}]},{\"@type\":\"BreadcrumbList\",\"@id\":\"https:\\\/\\\/flashengenharia.com.br\\\/en\\\/privacy-policy\\\/#breadcrumb\",\"itemListElement\":[{\"@type\":\"ListItem\",\"position\":1,\"name\":\"In\u00edcio\",\"item\":\"https:\\\/\\\/flashengenharia.com.br\\\/en\\\/\"},{\"@type\":\"ListItem\",\"position\":2,\"name\":\"Privacy Policy\"}]},{\"@type\":\"WebSite\",\"@id\":\"https:\\\/\\\/flashengenharia.com.br\\\/#website\",\"url\":\"https:\\\/\\\/flashengenharia.com.br\\\/\",\"name\":\"Flash Engenharia\",\"description\":\"Estruturas\",\"publisher\":{\"@id\":\"https:\\\/\\\/flashengenharia.com.br\\\/#organization\"},\"potentialAction\":[{\"@type\":\"SearchAction\",\"target\":{\"@type\":\"EntryPoint\",\"urlTemplate\":\"https:\\\/\\\/flashengenharia.com.br\\\/?s={search_term_string}\"},\"query-input\":{\"@type\":\"PropertyValueSpecification\",\"valueRequired\":true,\"valueName\":\"search_term_string\"}}],\"inLanguage\":\"en-US\"},{\"@type\":\"Organization\",\"@id\":\"https:\\\/\\\/flashengenharia.com.br\\\/#organization\",\"name\":\"Flash Engenharia\",\"url\":\"https:\\\/\\\/flashengenharia.com.br\\\/\",\"logo\":{\"@type\":\"ImageObject\",\"inLanguage\":\"en-US\",\"@id\":\"https:\\\/\\\/flashengenharia.com.br\\\/#\\\/schema\\\/logo\\\/image\\\/\",\"url\":\"https:\\\/\\\/flashengenharia.com.br\\\/wp-content\\\/uploads\\\/2025\\\/09\\\/LOGO-SITE-1.png\",\"contentUrl\":\"https:\\\/\\\/flashengenharia.com.br\\\/wp-content\\\/uploads\\\/2025\\\/09\\\/LOGO-SITE-1.png\",\"width\":180,\"height\":60,\"caption\":\"Flash Engenharia\"},\"image\":{\"@id\":\"https:\\\/\\\/flashengenharia.com.br\\\/#\\\/schema\\\/logo\\\/image\\\/\"}}]}<\/script>\n<!-- \/ Yoast SEO plugin. -->","yoast_head_json":{"title":"Privacy Policy - Flash Engenharia","robots":{"index":"index","follow":"follow","max-snippet":"max-snippet:-1","max-image-preview":"max-image-preview:large","max-video-preview":"max-video-preview:-1"},"canonical":"https:\/\/flashengenharia.com.br\/en\/privacy-policy\/","og_locale":"en_US","og_type":"article","og_title":"Privacy Policy - Flash Engenharia","og_description":"PRIVACY POLICY &#8211; FLASH ENGENHARIA Ver.1.0\/2025 OBJECTIVE OF THIS POLICY FLASH INDUSTRIA E COMERCIO DE PRODUTOS E SISTEMAS ELETROELETRONICOS LTDA, hereinafter referred to as &#8220;FLASH ENGENHARIA&#8221; (CNPJ No. 04.844.206\/0001-59), headquartered at Rua Professora Celia Cangro Marques Mendes, No. 1000 &#8211; Alto da Boa Vista &#8211; Sorocaba, SP &#8211; CEP 18.087-171, acts as the Data Controller [&hellip;]","og_url":"https:\/\/flashengenharia.com.br\/en\/privacy-policy\/","og_site_name":"Flash Engenharia","article_modified_time":"2026-03-26T17:15:12+00:00","twitter_card":"summary_large_image","twitter_misc":{"Est. reading time":"7 minutes"},"schema":{"@context":"https:\/\/schema.org","@graph":[{"@type":"WebPage","@id":"https:\/\/flashengenharia.com.br\/en\/privacy-policy\/","url":"https:\/\/flashengenharia.com.br\/en\/privacy-policy\/","name":"Privacy Policy - Flash Engenharia","isPartOf":{"@id":"https:\/\/flashengenharia.com.br\/#website"},"datePublished":"2025-10-10T15:00:15+00:00","dateModified":"2026-03-26T17:15:12+00:00","breadcrumb":{"@id":"https:\/\/flashengenharia.com.br\/en\/privacy-policy\/#breadcrumb"},"inLanguage":"en-US","potentialAction":[{"@type":"ReadAction","target":["https:\/\/flashengenharia.com.br\/en\/privacy-policy\/"]}]},{"@type":"BreadcrumbList","@id":"https:\/\/flashengenharia.com.br\/en\/privacy-policy\/#breadcrumb","itemListElement":[{"@type":"ListItem","position":1,"name":"In\u00edcio","item":"https:\/\/flashengenharia.com.br\/en\/"},{"@type":"ListItem","position":2,"name":"Privacy Policy"}]},{"@type":"WebSite","@id":"https:\/\/flashengenharia.com.br\/#website","url":"https:\/\/flashengenharia.com.br\/","name":"Flash Engenharia","description":"Estruturas","publisher":{"@id":"https:\/\/flashengenharia.com.br\/#organization"},"potentialAction":[{"@type":"SearchAction","target":{"@type":"EntryPoint","urlTemplate":"https:\/\/flashengenharia.com.br\/?s={search_term_string}"},"query-input":{"@type":"PropertyValueSpecification","valueRequired":true,"valueName":"search_term_string"}}],"inLanguage":"en-US"},{"@type":"Organization","@id":"https:\/\/flashengenharia.com.br\/#organization","name":"Flash Engenharia","url":"https:\/\/flashengenharia.com.br\/","logo":{"@type":"ImageObject","inLanguage":"en-US","@id":"https:\/\/flashengenharia.com.br\/#\/schema\/logo\/image\/","url":"https:\/\/flashengenharia.com.br\/wp-content\/uploads\/2025\/09\/LOGO-SITE-1.png","contentUrl":"https:\/\/flashengenharia.com.br\/wp-content\/uploads\/2025\/09\/LOGO-SITE-1.png","width":180,"height":60,"caption":"Flash Engenharia"},"image":{"@id":"https:\/\/flashengenharia.com.br\/#\/schema\/logo\/image\/"}}]}},"_links":{"self":[{"href":"https:\/\/flashengenharia.com.br\/en\/wp-json\/wp\/v2\/pages\/4508","targetHints":{"allow":["GET"]}}],"collection":[{"href":"https:\/\/flashengenharia.com.br\/en\/wp-json\/wp\/v2\/pages"}],"about":[{"href":"https:\/\/flashengenharia.com.br\/en\/wp-json\/wp\/v2\/types\/page"}],"author":[{"embeddable":true,"href":"https:\/\/flashengenharia.com.br\/en\/wp-json\/wp\/v2\/users\/4"}],"replies":[{"embeddable":true,"href":"https:\/\/flashengenharia.com.br\/en\/wp-json\/wp\/v2\/comments?post=4508"}],"version-history":[{"count":0,"href":"https:\/\/flashengenharia.com.br\/en\/wp-json\/wp\/v2\/pages\/4508\/revisions"}],"wp:attachment":[{"href":"https:\/\/flashengenharia.com.br\/en\/wp-json\/wp\/v2\/media?parent=4508"}],"curies":[{"name":"wp","href":"https:\/\/api.w.org\/{rel}","templated":true}]}}