{"id":4468,"date":"2026-03-26T11:38:08","date_gmt":"2026-03-26T14:38:08","guid":{"rendered":"https:\/\/flashengenharia.com.br\/lgpd\/"},"modified":"2026-03-26T14:36:03","modified_gmt":"2026-03-26T17:36:03","slug":"lgpd","status":"publish","type":"page","link":"https:\/\/flashengenharia.com.br\/es\/lgpd\/","title":{"rendered":"LGPD"},"content":{"rendered":"\t\t<div data-elementor-type=\"wp-page\" data-elementor-id=\"4468\" class=\"elementor elementor-4468 elementor-4423\" data-elementor-post-type=\"page\">\n\t\t\t\t<div class=\"elementor-element elementor-element-469b9e5 e-con-full e-flex e-con e-parent\" data-id=\"469b9e5\" data-element_type=\"container\" data-e-type=\"container\" data-settings=\"{&quot;background_background&quot;:&quot;classic&quot;}\">\n\t\t\t\t<div class=\"elementor-element elementor-element-788e149 elementor-widget__width-auto elementor-widget elementor-widget-heading\" data-id=\"788e149\" data-element_type=\"widget\" data-e-type=\"widget\" data-widget_type=\"heading.default\">\n\t\t\t\t\t<h2 class=\"elementor-heading-title elementor-size-default\">Ley General de Protecci\u00f3n de Datos (LGPD)<\/h2>\t\t\t\t<\/div>\n\t\t\t\t<\/div>\n\t\t<div class=\"elementor-element elementor-element-507a9f9 e-flex e-con-boxed e-con e-parent\" data-id=\"507a9f9\" data-element_type=\"container\" data-e-type=\"container\">\n\t\t\t\t\t<div class=\"e-con-inner\">\n\t\t\t\t<div class=\"elementor-element elementor-element-9a7a81f elementor-align-justify elementor-widget__width-initial elementor-widget elementor-widget-button\" data-id=\"9a7a81f\" data-element_type=\"widget\" data-e-type=\"widget\" data-widget_type=\"button.default\">\n\t\t\t\t\t\t\t\t\t\t<a class=\"elementor-button elementor-button-link elementor-size-sm\" href=\"https:\/\/flashengenharia.com.br\/wp-content\/uploads\/2026\/03\/009-Termos-De-Uso-ESP.pdf\" target=\"_blank\">\n\t\t\t\t\t\t<span class=\"elementor-button-content-wrapper\">\n\t\t\t\t\t\t\t\t\t<span class=\"elementor-button-text\">T\u00e9rminos y Condiciones de Uso<\/span>\n\t\t\t\t\t<\/span>\n\t\t\t\t\t<\/a>\n\t\t\t\t\t\t\t\t<\/div>\n\t\t\t\t<div class=\"elementor-element elementor-element-0278120 elementor-align-justify elementor-widget__width-initial elementor-widget elementor-widget-button\" data-id=\"0278120\" data-element_type=\"widget\" data-e-type=\"widget\" data-widget_type=\"button.default\">\n\t\t\t\t\t\t\t\t\t\t<a class=\"elementor-button elementor-button-link elementor-size-sm\" href=\"https:\/\/flashengenharia.com.br\/wp-content\/uploads\/2026\/03\/008-Politica-De-Privacidade-ESP.pdf\" target=\"_blank\">\n\t\t\t\t\t\t<span class=\"elementor-button-content-wrapper\">\n\t\t\t\t\t\t\t\t\t<span class=\"elementor-button-text\">Pol\u00edtica de Privacidad <\/span>\n\t\t\t\t\t<\/span>\n\t\t\t\t\t<\/a>\n\t\t\t\t\t\t\t\t<\/div>\n\t\t\t\t<div class=\"elementor-element elementor-element-df0587d elementor-align-justify elementor-widget__width-initial elementor-widget elementor-widget-button\" data-id=\"df0587d\" data-element_type=\"widget\" data-e-type=\"widget\" data-widget_type=\"button.default\">\n\t\t\t\t\t\t\t\t\t\t<a class=\"elementor-button elementor-button-link elementor-size-sm\" href=\"https:\/\/flashengenharia.com.br\/wp-content\/uploads\/2026\/03\/010-Politicas-De-Cookies-ESP.pdf\" target=\"_blank\">\n\t\t\t\t\t\t<span class=\"elementor-button-content-wrapper\">\n\t\t\t\t\t\t\t\t\t<span class=\"elementor-button-text\">Pol\u00edtica de Cookies<\/span>\n\t\t\t\t\t<\/span>\n\t\t\t\t\t<\/a>\n\t\t\t\t\t\t\t\t<\/div>\n\t\t\t\t<div class=\"elementor-element elementor-element-b020c6b elementor-align-justify elementor-widget__width-initial elementor-widget elementor-widget-button\" data-id=\"b020c6b\" data-element_type=\"widget\" data-e-type=\"widget\" data-widget_type=\"button.default\">\n\t\t\t\t\t\t\t\t\t\t<a class=\"elementor-button elementor-button-link elementor-size-sm\" href=\"https:\/\/flashengenharia.com.br\/wp-content\/uploads\/2026\/03\/013-POLITICA-DE-CFTV_v2-2-ESP.pdf\" target=\"_blank\">\n\t\t\t\t\t\t<span class=\"elementor-button-content-wrapper\">\n\t\t\t\t\t\t\t\t\t<span class=\"elementor-button-text\">Pol\u00edtica de Uso de C\u00e1maras (CCTV)<\/span>\n\t\t\t\t\t<\/span>\n\t\t\t\t\t<\/a>\n\t\t\t\t\t\t\t\t<\/div>\n\t\t\t\t\t<\/div>\n\t\t\t\t<\/div>\n\t\t\t\t<\/div>\n\t\t","protected":false},"excerpt":{"rendered":"<p>Ley General de Protecci\u00f3n de Datos (LGPD) T\u00e9rminos y Condiciones de Uso Pol\u00edtica de Privacidad Pol\u00edtica de Cookies Pol\u00edtica de Uso de C\u00e1maras (CCTV)<\/p>\n","protected":false},"author":4,"featured_media":3975,"parent":0,"menu_order":0,"comment_status":"closed","ping_status":"closed","template":"","meta":{"_acf_changed":false,"site-sidebar-layout":"default","site-content-layout":"","ast-site-content-layout":"default","site-content-style":"default","site-sidebar-style":"default","ast-global-header-display":"","ast-banner-title-visibility":"","ast-main-header-display":"","ast-hfb-above-header-display":"","ast-hfb-below-header-display":"","ast-hfb-mobile-header-display":"","site-post-title":"","ast-breadcrumbs-content":"","ast-featured-img":"","footer-sml-layout":"","ast-disable-related-posts":"","theme-transparent-header-meta":"default","adv-header-id-meta":"","stick-header-meta":"","header-above-stick-meta":"","header-main-stick-meta":"","header-below-stick-meta":"","astra-migrate-meta-layouts":"set","ast-page-background-enabled":"default","ast-page-background-meta":{"desktop":{"background-color":"var(--ast-global-color-4)","background-image":"","background-repeat":"repeat","background-position":"center center","background-size":"auto","background-attachment":"scroll","background-type":"","background-media":"","overlay-type":"","overlay-color":"","overlay-opacity":"","overlay-gradient":""},"tablet":{"background-color":"","background-image":"","background-repeat":"repeat","background-position":"center center","background-size":"auto","background-attachment":"scroll","background-type":"","background-media":"","overlay-type":"","overlay-color":"","overlay-opacity":"","overlay-gradient":""},"mobile":{"background-color":"","background-image":"","background-repeat":"repeat","background-position":"center center","background-size":"auto","background-attachment":"scroll","background-type":"","background-media":"","overlay-type":"","overlay-color":"","overlay-opacity":"","overlay-gradient":""}},"ast-content-background-meta":{"desktop":{"background-color":"var(--ast-global-color-5)","background-image":"","background-repeat":"repeat","background-position":"center center","background-size":"auto","background-attachment":"scroll","background-type":"","background-media":"","overlay-type":"","overlay-color":"","overlay-opacity":"","overlay-gradient":""},"tablet":{"background-color":"var(--ast-global-color-5)","background-image":"","background-repeat":"repeat","background-position":"center center","background-size":"auto","background-attachment":"scroll","background-type":"","background-media":"","overlay-type":"","overlay-color":"","overlay-opacity":"","overlay-gradient":""},"mobile":{"background-color":"var(--ast-global-color-5)","background-image":"","background-repeat":"repeat","background-position":"center center","background-size":"auto","background-attachment":"scroll","background-type":"","background-media":"","overlay-type":"","overlay-color":"","overlay-opacity":"","overlay-gradient":""}},"footnotes":""},"class_list":["post-4468","page","type-page","status-publish","has-post-thumbnail","hentry"],"acf":[],"yoast_head":"<!-- This site is optimized with the Yoast SEO plugin v27.6 - https:\/\/yoast.com\/product\/yoast-seo-wordpress\/ -->\n<title>LGPD - Flash Engenharia<\/title>\n<meta name=\"description\" content=\"Na Flash Engenharia, a integridade e a \u00e9tica s\u00e3o pilares fundamentais de nossa atua\u00e7\u00e3o. NosNa Flash Engenharia, a integridade e a \u00e9tica s\u00e3o pilares fundamentais de nossa atua\u00e7\u00e3o. Nosso compromisso com a conformidade legal e regulat\u00f3ria, bem como com as melhores pr\u00e1ticas do setor, refor\u00e7a a transpar\u00eancia em todas as nossas opera\u00e7\u00f5es\" \/>\n<meta name=\"robots\" content=\"index, follow, max-snippet:-1, max-image-preview:large, max-video-preview:-1\" \/>\n<link rel=\"canonical\" href=\"https:\/\/flashengenharia.com.br\/es\/lgpd\/\" \/>\n<meta property=\"og:locale\" content=\"es_ES\" \/>\n<meta property=\"og:type\" content=\"article\" \/>\n<meta property=\"og:title\" content=\"LGPD - Flash Engenharia\" \/>\n<meta property=\"og:description\" content=\"Na Flash Engenharia, a integridade e a \u00e9tica s\u00e3o pilares fundamentais de nossa atua\u00e7\u00e3o. NosNa Flash Engenharia, a integridade e a \u00e9tica s\u00e3o pilares fundamentais de nossa atua\u00e7\u00e3o. Nosso compromisso com a conformidade legal e regulat\u00f3ria, bem como com as melhores pr\u00e1ticas do setor, refor\u00e7a a transpar\u00eancia em todas as nossas opera\u00e7\u00f5es\" \/>\n<meta property=\"og:url\" content=\"https:\/\/flashengenharia.com.br\/es\/lgpd\/\" \/>\n<meta property=\"og:site_name\" content=\"Flash Engenharia\" \/>\n<meta property=\"article:modified_time\" content=\"2026-03-26T17:36:03+00:00\" \/>\n<meta name=\"twitter:card\" content=\"summary_large_image\" \/>\n<meta name=\"twitter:label1\" content=\"Tiempo de lectura\" \/>\n\t<meta name=\"twitter:data1\" content=\"1 minuto\" \/>\n<script type=\"application\/ld+json\" class=\"yoast-schema-graph\">{\"@context\":\"https:\\\/\\\/schema.org\",\"@graph\":[{\"@type\":\"WebPage\",\"@id\":\"https:\\\/\\\/flashengenharia.com.br\\\/es\\\/lgpd\\\/\",\"url\":\"https:\\\/\\\/flashengenharia.com.br\\\/es\\\/lgpd\\\/\",\"name\":\"LGPD - Flash Engenharia\",\"isPartOf\":{\"@id\":\"https:\\\/\\\/flashengenharia.com.br\\\/#website\"},\"primaryImageOfPage\":{\"@id\":\"https:\\\/\\\/flashengenharia.com.br\\\/es\\\/lgpd\\\/#primaryimage\"},\"image\":{\"@id\":\"https:\\\/\\\/flashengenharia.com.br\\\/es\\\/lgpd\\\/#primaryimage\"},\"thumbnailUrl\":\"https:\\\/\\\/flashengenharia.com.br\\\/wp-content\\\/uploads\\\/2025\\\/09\\\/Relatorio-de-Transparencia-Salarial-Matriz-2025-2-pdf.jpg\",\"datePublished\":\"2026-03-26T14:38:08+00:00\",\"dateModified\":\"2026-03-26T17:36:03+00:00\",\"description\":\"Na Flash Engenharia, a integridade e a \u00e9tica s\u00e3o pilares fundamentais de nossa atua\u00e7\u00e3o. NosNa Flash Engenharia, a integridade e a \u00e9tica s\u00e3o pilares fundamentais de nossa atua\u00e7\u00e3o. Nosso compromisso com a conformidade legal e regulat\u00f3ria, bem como com as melhores pr\u00e1ticas do setor, refor\u00e7a a transpar\u00eancia em todas as nossas opera\u00e7\u00f5es\",\"breadcrumb\":{\"@id\":\"https:\\\/\\\/flashengenharia.com.br\\\/es\\\/lgpd\\\/#breadcrumb\"},\"inLanguage\":\"es\",\"potentialAction\":[{\"@type\":\"ReadAction\",\"target\":[\"https:\\\/\\\/flashengenharia.com.br\\\/es\\\/lgpd\\\/\"]}]},{\"@type\":\"ImageObject\",\"inLanguage\":\"es\",\"@id\":\"https:\\\/\\\/flashengenharia.com.br\\\/es\\\/lgpd\\\/#primaryimage\",\"url\":\"https:\\\/\\\/flashengenharia.com.br\\\/wp-content\\\/uploads\\\/2025\\\/09\\\/Relatorio-de-Transparencia-Salarial-Matriz-2025-2-pdf.jpg\",\"contentUrl\":\"https:\\\/\\\/flashengenharia.com.br\\\/wp-content\\\/uploads\\\/2025\\\/09\\\/Relatorio-de-Transparencia-Salarial-Matriz-2025-2-pdf.jpg\"},{\"@type\":\"BreadcrumbList\",\"@id\":\"https:\\\/\\\/flashengenharia.com.br\\\/es\\\/lgpd\\\/#breadcrumb\",\"itemListElement\":[{\"@type\":\"ListItem\",\"position\":1,\"name\":\"In\u00edcio\",\"item\":\"https:\\\/\\\/flashengenharia.com.br\\\/es\\\/inicio\\\/\"},{\"@type\":\"ListItem\",\"position\":2,\"name\":\"LGPD\"}]},{\"@type\":\"WebSite\",\"@id\":\"https:\\\/\\\/flashengenharia.com.br\\\/#website\",\"url\":\"https:\\\/\\\/flashengenharia.com.br\\\/\",\"name\":\"Flash Engenharia\",\"description\":\"Estruturas\",\"publisher\":{\"@id\":\"https:\\\/\\\/flashengenharia.com.br\\\/#organization\"},\"potentialAction\":[{\"@type\":\"SearchAction\",\"target\":{\"@type\":\"EntryPoint\",\"urlTemplate\":\"https:\\\/\\\/flashengenharia.com.br\\\/?s={search_term_string}\"},\"query-input\":{\"@type\":\"PropertyValueSpecification\",\"valueRequired\":true,\"valueName\":\"search_term_string\"}}],\"inLanguage\":\"es\"},{\"@type\":\"Organization\",\"@id\":\"https:\\\/\\\/flashengenharia.com.br\\\/#organization\",\"name\":\"Flash Engenharia\",\"url\":\"https:\\\/\\\/flashengenharia.com.br\\\/\",\"logo\":{\"@type\":\"ImageObject\",\"inLanguage\":\"es\",\"@id\":\"https:\\\/\\\/flashengenharia.com.br\\\/#\\\/schema\\\/logo\\\/image\\\/\",\"url\":\"https:\\\/\\\/flashengenharia.com.br\\\/wp-content\\\/uploads\\\/2025\\\/09\\\/LOGO-SITE-1.png\",\"contentUrl\":\"https:\\\/\\\/flashengenharia.com.br\\\/wp-content\\\/uploads\\\/2025\\\/09\\\/LOGO-SITE-1.png\",\"width\":180,\"height\":60,\"caption\":\"Flash Engenharia\"},\"image\":{\"@id\":\"https:\\\/\\\/flashengenharia.com.br\\\/#\\\/schema\\\/logo\\\/image\\\/\"}}]}<\/script>\n<!-- \/ Yoast SEO plugin. -->","yoast_head_json":{"title":"LGPD - Flash Engenharia","description":"Na Flash Engenharia, a integridade e a \u00e9tica s\u00e3o pilares fundamentais de nossa atua\u00e7\u00e3o. NosNa Flash Engenharia, a integridade e a \u00e9tica s\u00e3o pilares fundamentais de nossa atua\u00e7\u00e3o. Nosso compromisso com a conformidade legal e regulat\u00f3ria, bem como com as melhores pr\u00e1ticas do setor, refor\u00e7a a transpar\u00eancia em todas as nossas opera\u00e7\u00f5es","robots":{"index":"index","follow":"follow","max-snippet":"max-snippet:-1","max-image-preview":"max-image-preview:large","max-video-preview":"max-video-preview:-1"},"canonical":"https:\/\/flashengenharia.com.br\/es\/lgpd\/","og_locale":"es_ES","og_type":"article","og_title":"LGPD - Flash Engenharia","og_description":"Na Flash Engenharia, a integridade e a \u00e9tica s\u00e3o pilares fundamentais de nossa atua\u00e7\u00e3o. NosNa Flash Engenharia, a integridade e a \u00e9tica s\u00e3o pilares fundamentais de nossa atua\u00e7\u00e3o. Nosso compromisso com a conformidade legal e regulat\u00f3ria, bem como com as melhores pr\u00e1ticas do setor, refor\u00e7a a transpar\u00eancia em todas as nossas opera\u00e7\u00f5es","og_url":"https:\/\/flashengenharia.com.br\/es\/lgpd\/","og_site_name":"Flash Engenharia","article_modified_time":"2026-03-26T17:36:03+00:00","twitter_card":"summary_large_image","twitter_misc":{"Tiempo de lectura":"1 minuto"},"schema":{"@context":"https:\/\/schema.org","@graph":[{"@type":"WebPage","@id":"https:\/\/flashengenharia.com.br\/es\/lgpd\/","url":"https:\/\/flashengenharia.com.br\/es\/lgpd\/","name":"LGPD - Flash Engenharia","isPartOf":{"@id":"https:\/\/flashengenharia.com.br\/#website"},"primaryImageOfPage":{"@id":"https:\/\/flashengenharia.com.br\/es\/lgpd\/#primaryimage"},"image":{"@id":"https:\/\/flashengenharia.com.br\/es\/lgpd\/#primaryimage"},"thumbnailUrl":"https:\/\/flashengenharia.com.br\/wp-content\/uploads\/2025\/09\/Relatorio-de-Transparencia-Salarial-Matriz-2025-2-pdf.jpg","datePublished":"2026-03-26T14:38:08+00:00","dateModified":"2026-03-26T17:36:03+00:00","description":"Na Flash Engenharia, a integridade e a \u00e9tica s\u00e3o pilares fundamentais de nossa atua\u00e7\u00e3o. NosNa Flash Engenharia, a integridade e a \u00e9tica s\u00e3o pilares fundamentais de nossa atua\u00e7\u00e3o. Nosso compromisso com a conformidade legal e regulat\u00f3ria, bem como com as melhores pr\u00e1ticas do setor, refor\u00e7a a transpar\u00eancia em todas as nossas opera\u00e7\u00f5es","breadcrumb":{"@id":"https:\/\/flashengenharia.com.br\/es\/lgpd\/#breadcrumb"},"inLanguage":"es","potentialAction":[{"@type":"ReadAction","target":["https:\/\/flashengenharia.com.br\/es\/lgpd\/"]}]},{"@type":"ImageObject","inLanguage":"es","@id":"https:\/\/flashengenharia.com.br\/es\/lgpd\/#primaryimage","url":"https:\/\/flashengenharia.com.br\/wp-content\/uploads\/2025\/09\/Relatorio-de-Transparencia-Salarial-Matriz-2025-2-pdf.jpg","contentUrl":"https:\/\/flashengenharia.com.br\/wp-content\/uploads\/2025\/09\/Relatorio-de-Transparencia-Salarial-Matriz-2025-2-pdf.jpg"},{"@type":"BreadcrumbList","@id":"https:\/\/flashengenharia.com.br\/es\/lgpd\/#breadcrumb","itemListElement":[{"@type":"ListItem","position":1,"name":"In\u00edcio","item":"https:\/\/flashengenharia.com.br\/es\/inicio\/"},{"@type":"ListItem","position":2,"name":"LGPD"}]},{"@type":"WebSite","@id":"https:\/\/flashengenharia.com.br\/#website","url":"https:\/\/flashengenharia.com.br\/","name":"Flash Engenharia","description":"Estruturas","publisher":{"@id":"https:\/\/flashengenharia.com.br\/#organization"},"potentialAction":[{"@type":"SearchAction","target":{"@type":"EntryPoint","urlTemplate":"https:\/\/flashengenharia.com.br\/?s={search_term_string}"},"query-input":{"@type":"PropertyValueSpecification","valueRequired":true,"valueName":"search_term_string"}}],"inLanguage":"es"},{"@type":"Organization","@id":"https:\/\/flashengenharia.com.br\/#organization","name":"Flash Engenharia","url":"https:\/\/flashengenharia.com.br\/","logo":{"@type":"ImageObject","inLanguage":"es","@id":"https:\/\/flashengenharia.com.br\/#\/schema\/logo\/image\/","url":"https:\/\/flashengenharia.com.br\/wp-content\/uploads\/2025\/09\/LOGO-SITE-1.png","contentUrl":"https:\/\/flashengenharia.com.br\/wp-content\/uploads\/2025\/09\/LOGO-SITE-1.png","width":180,"height":60,"caption":"Flash Engenharia"},"image":{"@id":"https:\/\/flashengenharia.com.br\/#\/schema\/logo\/image\/"}}]}},"_links":{"self":[{"href":"https:\/\/flashengenharia.com.br\/es\/wp-json\/wp\/v2\/pages\/4468","targetHints":{"allow":["GET"]}}],"collection":[{"href":"https:\/\/flashengenharia.com.br\/es\/wp-json\/wp\/v2\/pages"}],"about":[{"href":"https:\/\/flashengenharia.com.br\/es\/wp-json\/wp\/v2\/types\/page"}],"author":[{"embeddable":true,"href":"https:\/\/flashengenharia.com.br\/es\/wp-json\/wp\/v2\/users\/4"}],"replies":[{"embeddable":true,"href":"https:\/\/flashengenharia.com.br\/es\/wp-json\/wp\/v2\/comments?post=4468"}],"version-history":[{"count":0,"href":"https:\/\/flashengenharia.com.br\/es\/wp-json\/wp\/v2\/pages\/4468\/revisions"}],"wp:featuredmedia":[{"embeddable":true,"href":"https:\/\/flashengenharia.com.br\/es\/wp-json\/wp\/v2\/media\/3975"}],"wp:attachment":[{"href":"https:\/\/flashengenharia.com.br\/es\/wp-json\/wp\/v2\/media?parent=4468"}],"curies":[{"name":"wp","href":"https:\/\/api.w.org\/{rel}","templated":true}]}}