{"id":4494,"date":"2026-03-26T11:25:10","date_gmt":"2026-03-26T14:25:10","guid":{"rendered":"https:\/\/flashengenharia.com.br\/politica-de-cftv\/"},"modified":"2026-03-26T14:47:57","modified_gmt":"2026-03-26T17:47:57","slug":"politica-de-cftv","status":"publish","type":"page","link":"https:\/\/flashengenharia.com.br\/es\/politica-de-cftv\/","title":{"rendered":"Pol\u00edtica De Uso De C\u00e1maras (CCTV)"},"content":{"rendered":"\t\t<div data-elementor-type=\"wp-page\" data-elementor-id=\"4494\" class=\"elementor elementor-4494 elementor-4405\" data-elementor-post-type=\"page\">\n\t\t\t\t<div class=\"elementor-element elementor-element-79b2470 e-flex e-con-boxed e-con e-parent\" data-id=\"79b2470\" data-element_type=\"container\" data-e-type=\"container\">\n\t\t\t\t\t<div class=\"e-con-inner\">\n\t\t\t\t<div class=\"elementor-element elementor-element-e4d0d16 elementor-widget elementor-widget-text-editor\" data-id=\"e4d0d16\" data-element_type=\"widget\" data-e-type=\"widget\" data-widget_type=\"text-editor.default\">\n\t\t\t\t\t\t\t\t\t<h3 style=\"color: #000; border-bottom: 2px solid #ccc; padding-bottom: 10px;\">POL\u00cdTICA DE USO DE C\u00c1MARAS (CCTV) &#8211; FLASH ENGENHARIA<\/h3><p><strong>Ver.1.0\/2025<\/strong><\/p><p><strong>1. INTRODUCCI\u00d3N<\/strong><\/p><p>La tecnolog\u00eda del Circuito Cerrado de Televisi\u00f3n (CCTV) ha evolucionado en los \u00faltimos a\u00f1os para ser m\u00e1s confiable, econ\u00f3mica y accesible. Cuando se utiliza adecuadamente, el CCTV puede ayudar a reducir el riesgo de acceso no autorizado a las instalaciones, brindar tranquilidad a los usuarios y proporcionar un registro preciso de lo sucedido en caso de un incidente.<\/p><p>A fin de proteger a sus usuarios, empleados y otras partes interesadas, <strong>FLASH ENGENHARIA<\/strong> utiliza el CCTV en circunstancias apropiadas para abordar \u00e1reas espec\u00edficas de riesgo. Al recopilar y utilizar estos datos de v\u00eddeo grabados, FLASH ENGENHARIA est\u00e1 sujeta a diversas leyes, incluida la Ley 13.709\/18 &#8211; Ley General de Protecci\u00f3n de Datos (LGPD), que regula c\u00f3mo se deben realizar dichas actividades y las protecciones que deben implementarse para proteger los datos de v\u00eddeo registrados.<\/p><p>El objetivo de esta pol\u00edtica es definir las reglas que deben seguirse para que las responsabilidades de FLASH ENGENHARIA se cumplan en todo momento y la utilidad de los datos grabados sea conforme a la determinaci\u00f3n legal.<\/p><p><strong>2. OBJETIVO<\/strong><\/p><p><strong>2.1<\/strong> Los equipos utilizados en el sistema de CCTV son para la seguridad de sus colaboradores, usuarios, proveedores y visitantes en general, bienes e informaci\u00f3n, con el fin de prevenir hurtos, pr\u00e1cticas de acoso sexual y riesgos relacionados con la seguridad interna. El uso de estos equipos para disuasi\u00f3n podr\u00e1 dar lugar a la apertura de una investigaci\u00f3n y a un potencial proceso penal por comportamiento sospechoso y\/o delictivo.<\/p><p><strong>2.2<\/strong> La empresa <strong>FLASH ENGENHARIA<\/strong>, inscrita bajo el CNPJ N\u00ba 04.844.206\/0001-59, con sede en Rua Professora Celia Cangro Marques Mendes, n\u00b0 1000 &#8211; Alto da Boa Vista \u2013 Sorocaba, SP \u2013 CEP 18.087-171, opera un sistema de videovigilancia en todas sus instalaciones con la finalidad restringida de promover la seguridad y protecci\u00f3n corporativa, relativa a la protecci\u00f3n de las personas f\u00edsicas en lo que respecta al tratamiento de datos personales grabados en formato de imagen, en cumplimiento de la Ley n. 13.709 (LGPD), la ordenanza N\u00ba 3.233\/2012\/DG\/DPF, la Constituci\u00f3n de la Rep\u00fablica Federativa del Brasil (Art. 5\u00ba) y la CLT (Leyes del Trabajo), siguiendo tambi\u00e9n las directrices de la ANPD (Autoridad Nacional de Protecci\u00f3n de Datos).<\/p><p><strong>2.3<\/strong> Esta pol\u00edtica no aborda el uso de tecnolog\u00eda especializada, como el Reconocimiento Autom\u00e1tico de Matr\u00edculas (LPR), reconocimiento facial o veh\u00edculos operados remotamente (drones o VANT).<\/p><p><strong>2.4<\/strong> Esta pol\u00edtica se aplica a todas las operaciones, personas y procesos que constituyen los sistemas de seguridad de la informaci\u00f3n de FLASH ENGENHARIA, incluyendo miembros del consejo, directores, empleados, proveedores y terceros legitimados que puedan tener acceso al sistema de CCTV.<\/p><p><strong>3. PROTECCI\u00d3N DE DATOS<\/strong><\/p><p><strong>3.1<\/strong> El sistema de videovigilancia de FLASH ENGENHARIA tiene un prop\u00f3sito espec\u00edfico y leg\u00edtimo que atiende a una necesidad o \u00e1rea de riesgo, como la prevenci\u00f3n o reducci\u00f3n de delitos en lugares sujetos a actividades ilegales.<\/p><p><strong>3.2<\/strong> Conforme al principio de minimizaci\u00f3n de datos de la LGPD, la grabaci\u00f3n de v\u00eddeo debe estar activa solo en los d\u00edas y horarios necesarios, y la grabaci\u00f3n de audio solo se utilizar\u00e1 cuando est\u00e9 justificada por motivos de privacidad. FLASH ENGENHARIA actuar\u00e1 como el <strong>Controlador de Datos<\/strong> y, cuando sea necesario, realizar\u00e1 el registro ante la autoridad supervisora.<\/p><p><strong>3.3<\/strong> Cuando se utilice a un tercero para el tratamiento de im\u00e1genes (almacenamiento o mantenimiento), este ser\u00e1 considerado un <strong>Encargado del Tratamiento<\/strong> (Operador) bajo la LGPD, mediando contrato vigente y adherente al servicio.<\/p><p><strong>3.4<\/strong> Para cada implementaci\u00f3n de un nuevo dispositivo, se realizar\u00e1 una evaluaci\u00f3n de impacto de protecci\u00f3n de datos (DPIA) para garantizar la protecci\u00f3n adecuada de los derechos del titular. La base legal para el tratamiento es la promoci\u00f3n de la seguridad y protecci\u00f3n corporativa.<\/p><p><strong>3.5<\/strong> FLASH ENGENHARIA realizar\u00e1 anualmente una revisi\u00f3n de cumplimiento de la presente pol\u00edtica.<\/p><p><strong>4. ESPACIOS CUBIERTOS<\/strong><\/p><p><strong>4.1<\/strong> La ubicaci\u00f3n de las c\u00e1maras busca mantener un per\u00edmetro de seguridad y controlar los accesos externos sin vulnerar los derechos de los ciudadanos. La cobertura abarca el espacio f\u00edsico interno y externo bajo responsabilidad de la empresa, sin enfocarse directamente en el colaborador para no violar su privacidad (Art. 5\u00ba inciso X).<\/p><p><strong>4.2<\/strong> Las c\u00e1maras se encuentran en puntos estrat\u00e9gicos: naves de producci\u00f3n, per\u00edmetro externo, porter\u00edas, entre otros, minimizando la vigilancia en espacios no relevantes para los fines previstos.<\/p><p><strong>5. SE\u00d1ALIZACI\u00d3N<\/strong><\/p><p><strong>5.1<\/strong> Los lugares con videovigilancia deber\u00e1n estar obligatoriamente se\u00f1alizados con avisos o placas, cuyo texto sea compatible con el principio de transparencia de la LGPD.<\/p><p><strong>6. ALMACENAMIENTO Y RETENCI\u00d3N<\/strong><\/p><p><strong>6.1<\/strong> El almacenamiento de im\u00e1genes ser\u00e1 de un m\u00ednimo de 7 d\u00edas y un m\u00e1ximo de 45 d\u00edas, o seg\u00fan la capacidad del hardware.<\/p><p><strong>6.2<\/strong> El almacenamiento debe mantenerse en un lugar seguro con acceso restringido a personal autorizado.<\/p><p><strong>6.3<\/strong> Los &#8220;registros de vigilancia&#8221; se retendr\u00e1n por un periodo no superior a <strong>02 (dos) a\u00f1os<\/strong>, tras los cuales ser\u00e1n borrados o sobrescritos, salvo que formen parte de una investigaci\u00f3n criminal o proceso judicial.<\/p><p><strong>6.4<\/strong> Est\u00e1 terminantemente prohibido editar o alterar grabaciones, excepto para mejorar la calidad con fines de investigaci\u00f3n o para difuminar rasgos (pixelado).<\/p><p><strong>6.5<\/strong> Se autoriza el difuminado de rostros de no participantes en un incidente por motivos de privacidad al entregar im\u00e1genes a terceros.<\/p><p><strong>6.6<\/strong> Los sistemas se configurar\u00e1n para evitar que los operadores manipulen o dupliquen la informaci\u00f3n grabada.<\/p><p><strong>6.7<\/strong> El almacenamiento y acceso ser\u00e1n controlados por el sector de Seguridad Laboral.<\/p><p><strong>6.8<\/strong> Las grabaciones usadas en procesos judiciales se retendr\u00e1n hasta la finalizaci\u00f3n del proceso y el periodo de apelaci\u00f3n. La transmisi\u00f3n por red utilizar\u00e1 tecnolog\u00eda de cifrado (encriptaci\u00f3n).<\/p><p><strong>7. GESTI\u00d3N DE ACCESO Y MONITOREO<\/strong><\/p><p><strong>7.1<\/strong> El acceso a v\u00eddeo en vivo o grabado se limita al sector de seguridad y personal designado. La copia o retransmisi\u00f3n requiere autorizaci\u00f3n previa del gestor del <strong>SECTOR DE TECNOLOG\u00cdA<\/strong>. Toda informaci\u00f3n es confidencial.<\/p><p><strong>7.2<\/strong> La eliminaci\u00f3n de v\u00eddeos debe ser aprobada por el SECTOR DE TECNOLOG\u00cdA, siguiendo las orientaciones del Delegado de Protecci\u00f3n de Datos (DPO).<\/p><p><strong>7.3<\/strong> Se mantendr\u00e1 un registro (log) de todos los accesos con fecha e identificaci\u00f3n de la persona autorizada.<\/p><p><strong>7.4<\/strong> El registro de acceso a los datos se mantendr\u00e1 por un periodo m\u00ednimo de 12 meses.<\/p><p><strong>7.5<\/strong> Las solicitudes de acceso por parte del Titular de los Datos u otros deben fundamentarse en un inter\u00e9s espec\u00edfico y en las hip\u00f3tesis legales de la LGPD, previa verificaci\u00f3n de identidad.<\/p><p><strong>7.6<\/strong> Las solicitudes internas de otros departamentos deber\u00e1n dirigirse por escrito al SECTOR DE TECNOLOG\u00cdA para su an\u00e1lisis y aprobaci\u00f3n junto con el DPO.<\/p><p><strong>7.7<\/strong> Las solicitudes externas dirigidas a FLASH ENGENHARIA deber\u00e1n someterse formalmente al <strong>DEPARTAMENTO JUR\u00cdDICO<\/strong> y al DPO.<\/p><p><strong>7.8<\/strong> Las demandas legales (citaciones, mandatos de registro) ser\u00e1n gestionadas por el DEPARTAMENTO JUR\u00cdDICO.<\/p><p><strong>7.9<\/strong> Para ejercer derechos de acceso, rectificaci\u00f3n o exclusi\u00f3n de datos personales del CCTV, el titular debe dirigirse al correo: <strong>lgpd@flashengenharia.com.br<\/strong>.<\/p><p><strong>8. \u00daLTIMA ACTUALIZACI\u00d3N Y VERSIONES ANTERIORES<\/strong><\/p><p>La \u00faltima actualizaci\u00f3n de esta Pol\u00edtica de CCTV se realiz\u00f3 el <strong>16 de diciembre de 2025<\/strong>.<\/p>\t\t\t\t\t\t\t\t<\/div>\n\t\t\t\t\t<\/div>\n\t\t\t\t<\/div>\n\t\t\t\t<\/div>\n\t\t","protected":false},"excerpt":{"rendered":"<p>POL\u00cdTICA DE USO DE C\u00c1MARAS (CCTV) &#8211; FLASH ENGENHARIA Ver.1.0\/2025 1. INTRODUCCI\u00d3N La tecnolog\u00eda del Circuito Cerrado de Televisi\u00f3n (CCTV) ha evolucionado en los \u00faltimos a\u00f1os para ser m\u00e1s confiable, econ\u00f3mica y accesible. Cuando se utiliza adecuadamente, el CCTV puede ayudar a reducir el riesgo de acceso no autorizado a las instalaciones, brindar tranquilidad a [&hellip;]<\/p>\n","protected":false},"author":4,"featured_media":0,"parent":0,"menu_order":0,"comment_status":"closed","ping_status":"closed","template":"","meta":{"_acf_changed":false,"site-sidebar-layout":"no-sidebar","site-content-layout":"page-builder","ast-site-content-layout":"full-width-container","site-content-style":"unboxed","site-sidebar-style":"unboxed","ast-global-header-display":"","ast-banner-title-visibility":"","ast-main-header-display":"","ast-hfb-above-header-display":"","ast-hfb-below-header-display":"","ast-hfb-mobile-header-display":"","site-post-title":"","ast-breadcrumbs-content":"","ast-featured-img":"disabled","footer-sml-layout":"","ast-disable-related-posts":"","theme-transparent-header-meta":"default","adv-header-id-meta":"","stick-header-meta":"","header-above-stick-meta":"","header-main-stick-meta":"","header-below-stick-meta":"","astra-migrate-meta-layouts":"set","ast-page-background-enabled":"default","ast-page-background-meta":{"desktop":{"background-color":"var(--ast-global-color-4)","background-image":"","background-repeat":"repeat","background-position":"center center","background-size":"auto","background-attachment":"scroll","background-type":"","background-media":"","overlay-type":"","overlay-color":"","overlay-opacity":"","overlay-gradient":""},"tablet":{"background-color":"","background-image":"","background-repeat":"repeat","background-position":"center center","background-size":"auto","background-attachment":"scroll","background-type":"","background-media":"","overlay-type":"","overlay-color":"","overlay-opacity":"","overlay-gradient":""},"mobile":{"background-color":"","background-image":"","background-repeat":"repeat","background-position":"center center","background-size":"auto","background-attachment":"scroll","background-type":"","background-media":"","overlay-type":"","overlay-color":"","overlay-opacity":"","overlay-gradient":""}},"ast-content-background-meta":{"desktop":{"background-color":"var(--ast-global-color-5)","background-image":"","background-repeat":"repeat","background-position":"center center","background-size":"auto","background-attachment":"scroll","background-type":"","background-media":"","overlay-type":"","overlay-color":"","overlay-opacity":"","overlay-gradient":""},"tablet":{"background-color":"var(--ast-global-color-5)","background-image":"","background-repeat":"repeat","background-position":"center center","background-size":"auto","background-attachment":"scroll","background-type":"","background-media":"","overlay-type":"","overlay-color":"","overlay-opacity":"","overlay-gradient":""},"mobile":{"background-color":"var(--ast-global-color-5)","background-image":"","background-repeat":"repeat","background-position":"center center","background-size":"auto","background-attachment":"scroll","background-type":"","background-media":"","overlay-type":"","overlay-color":"","overlay-opacity":"","overlay-gradient":""}},"footnotes":""},"class_list":["post-4494","page","type-page","status-publish","hentry"],"acf":[],"yoast_head":"<!-- This site is optimized with the Yoast SEO plugin v27.6 - https:\/\/yoast.com\/product\/yoast-seo-wordpress\/ -->\n<title>Pol\u00edtica De Uso De C\u00e1maras (CCTV) - Flash Engenharia<\/title>\n<meta name=\"robots\" content=\"index, follow, max-snippet:-1, max-image-preview:large, max-video-preview:-1\" \/>\n<link rel=\"canonical\" href=\"https:\/\/flashengenharia.com.br\/es\/politica-de-cftv\/\" \/>\n<meta property=\"og:locale\" content=\"es_ES\" \/>\n<meta property=\"og:type\" content=\"article\" \/>\n<meta property=\"og:title\" content=\"Pol\u00edtica De Uso De C\u00e1maras (CCTV) - Flash Engenharia\" \/>\n<meta property=\"og:description\" content=\"POL\u00cdTICA DE USO DE C\u00c1MARAS (CCTV) &#8211; FLASH ENGENHARIA Ver.1.0\/2025 1. INTRODUCCI\u00d3N La tecnolog\u00eda del Circuito Cerrado de Televisi\u00f3n (CCTV) ha evolucionado en los \u00faltimos a\u00f1os para ser m\u00e1s confiable, econ\u00f3mica y accesible. Cuando se utiliza adecuadamente, el CCTV puede ayudar a reducir el riesgo de acceso no autorizado a las instalaciones, brindar tranquilidad a [&hellip;]\" \/>\n<meta property=\"og:url\" content=\"https:\/\/flashengenharia.com.br\/es\/politica-de-cftv\/\" \/>\n<meta property=\"og:site_name\" content=\"Flash Engenharia\" \/>\n<meta property=\"article:modified_time\" content=\"2026-03-26T17:47:57+00:00\" \/>\n<meta name=\"twitter:card\" content=\"summary_large_image\" \/>\n<meta name=\"twitter:label1\" content=\"Tiempo de lectura\" \/>\n\t<meta name=\"twitter:data1\" content=\"6 minutos\" \/>\n<script type=\"application\/ld+json\" class=\"yoast-schema-graph\">{\"@context\":\"https:\\\/\\\/schema.org\",\"@graph\":[{\"@type\":\"WebPage\",\"@id\":\"https:\\\/\\\/flashengenharia.com.br\\\/es\\\/politica-de-cftv\\\/\",\"url\":\"https:\\\/\\\/flashengenharia.com.br\\\/es\\\/politica-de-cftv\\\/\",\"name\":\"Pol\u00edtica De Uso De C\u00e1maras (CCTV) - Flash Engenharia\",\"isPartOf\":{\"@id\":\"https:\\\/\\\/flashengenharia.com.br\\\/#website\"},\"datePublished\":\"2026-03-26T14:25:10+00:00\",\"dateModified\":\"2026-03-26T17:47:57+00:00\",\"breadcrumb\":{\"@id\":\"https:\\\/\\\/flashengenharia.com.br\\\/es\\\/politica-de-cftv\\\/#breadcrumb\"},\"inLanguage\":\"es\",\"potentialAction\":[{\"@type\":\"ReadAction\",\"target\":[\"https:\\\/\\\/flashengenharia.com.br\\\/es\\\/politica-de-cftv\\\/\"]}]},{\"@type\":\"BreadcrumbList\",\"@id\":\"https:\\\/\\\/flashengenharia.com.br\\\/es\\\/politica-de-cftv\\\/#breadcrumb\",\"itemListElement\":[{\"@type\":\"ListItem\",\"position\":1,\"name\":\"In\u00edcio\",\"item\":\"https:\\\/\\\/flashengenharia.com.br\\\/es\\\/inicio\\\/\"},{\"@type\":\"ListItem\",\"position\":2,\"name\":\"Pol\u00edtica De Uso De C\u00e1maras (CCTV)\"}]},{\"@type\":\"WebSite\",\"@id\":\"https:\\\/\\\/flashengenharia.com.br\\\/#website\",\"url\":\"https:\\\/\\\/flashengenharia.com.br\\\/\",\"name\":\"Flash Engenharia\",\"description\":\"Estruturas\",\"publisher\":{\"@id\":\"https:\\\/\\\/flashengenharia.com.br\\\/#organization\"},\"potentialAction\":[{\"@type\":\"SearchAction\",\"target\":{\"@type\":\"EntryPoint\",\"urlTemplate\":\"https:\\\/\\\/flashengenharia.com.br\\\/?s={search_term_string}\"},\"query-input\":{\"@type\":\"PropertyValueSpecification\",\"valueRequired\":true,\"valueName\":\"search_term_string\"}}],\"inLanguage\":\"es\"},{\"@type\":\"Organization\",\"@id\":\"https:\\\/\\\/flashengenharia.com.br\\\/#organization\",\"name\":\"Flash Engenharia\",\"url\":\"https:\\\/\\\/flashengenharia.com.br\\\/\",\"logo\":{\"@type\":\"ImageObject\",\"inLanguage\":\"es\",\"@id\":\"https:\\\/\\\/flashengenharia.com.br\\\/#\\\/schema\\\/logo\\\/image\\\/\",\"url\":\"https:\\\/\\\/flashengenharia.com.br\\\/wp-content\\\/uploads\\\/2025\\\/09\\\/LOGO-SITE-1.png\",\"contentUrl\":\"https:\\\/\\\/flashengenharia.com.br\\\/wp-content\\\/uploads\\\/2025\\\/09\\\/LOGO-SITE-1.png\",\"width\":180,\"height\":60,\"caption\":\"Flash Engenharia\"},\"image\":{\"@id\":\"https:\\\/\\\/flashengenharia.com.br\\\/#\\\/schema\\\/logo\\\/image\\\/\"}}]}<\/script>\n<!-- \/ Yoast SEO plugin. -->","yoast_head_json":{"title":"Pol\u00edtica De Uso De C\u00e1maras (CCTV) - Flash Engenharia","robots":{"index":"index","follow":"follow","max-snippet":"max-snippet:-1","max-image-preview":"max-image-preview:large","max-video-preview":"max-video-preview:-1"},"canonical":"https:\/\/flashengenharia.com.br\/es\/politica-de-cftv\/","og_locale":"es_ES","og_type":"article","og_title":"Pol\u00edtica De Uso De C\u00e1maras (CCTV) - Flash Engenharia","og_description":"POL\u00cdTICA DE USO DE C\u00c1MARAS (CCTV) &#8211; FLASH ENGENHARIA Ver.1.0\/2025 1. INTRODUCCI\u00d3N La tecnolog\u00eda del Circuito Cerrado de Televisi\u00f3n (CCTV) ha evolucionado en los \u00faltimos a\u00f1os para ser m\u00e1s confiable, econ\u00f3mica y accesible. Cuando se utiliza adecuadamente, el CCTV puede ayudar a reducir el riesgo de acceso no autorizado a las instalaciones, brindar tranquilidad a [&hellip;]","og_url":"https:\/\/flashengenharia.com.br\/es\/politica-de-cftv\/","og_site_name":"Flash Engenharia","article_modified_time":"2026-03-26T17:47:57+00:00","twitter_card":"summary_large_image","twitter_misc":{"Tiempo de lectura":"6 minutos"},"schema":{"@context":"https:\/\/schema.org","@graph":[{"@type":"WebPage","@id":"https:\/\/flashengenharia.com.br\/es\/politica-de-cftv\/","url":"https:\/\/flashengenharia.com.br\/es\/politica-de-cftv\/","name":"Pol\u00edtica De Uso De C\u00e1maras (CCTV) - Flash Engenharia","isPartOf":{"@id":"https:\/\/flashengenharia.com.br\/#website"},"datePublished":"2026-03-26T14:25:10+00:00","dateModified":"2026-03-26T17:47:57+00:00","breadcrumb":{"@id":"https:\/\/flashengenharia.com.br\/es\/politica-de-cftv\/#breadcrumb"},"inLanguage":"es","potentialAction":[{"@type":"ReadAction","target":["https:\/\/flashengenharia.com.br\/es\/politica-de-cftv\/"]}]},{"@type":"BreadcrumbList","@id":"https:\/\/flashengenharia.com.br\/es\/politica-de-cftv\/#breadcrumb","itemListElement":[{"@type":"ListItem","position":1,"name":"In\u00edcio","item":"https:\/\/flashengenharia.com.br\/es\/inicio\/"},{"@type":"ListItem","position":2,"name":"Pol\u00edtica De Uso De C\u00e1maras (CCTV)"}]},{"@type":"WebSite","@id":"https:\/\/flashengenharia.com.br\/#website","url":"https:\/\/flashengenharia.com.br\/","name":"Flash Engenharia","description":"Estruturas","publisher":{"@id":"https:\/\/flashengenharia.com.br\/#organization"},"potentialAction":[{"@type":"SearchAction","target":{"@type":"EntryPoint","urlTemplate":"https:\/\/flashengenharia.com.br\/?s={search_term_string}"},"query-input":{"@type":"PropertyValueSpecification","valueRequired":true,"valueName":"search_term_string"}}],"inLanguage":"es"},{"@type":"Organization","@id":"https:\/\/flashengenharia.com.br\/#organization","name":"Flash Engenharia","url":"https:\/\/flashengenharia.com.br\/","logo":{"@type":"ImageObject","inLanguage":"es","@id":"https:\/\/flashengenharia.com.br\/#\/schema\/logo\/image\/","url":"https:\/\/flashengenharia.com.br\/wp-content\/uploads\/2025\/09\/LOGO-SITE-1.png","contentUrl":"https:\/\/flashengenharia.com.br\/wp-content\/uploads\/2025\/09\/LOGO-SITE-1.png","width":180,"height":60,"caption":"Flash Engenharia"},"image":{"@id":"https:\/\/flashengenharia.com.br\/#\/schema\/logo\/image\/"}}]}},"_links":{"self":[{"href":"https:\/\/flashengenharia.com.br\/es\/wp-json\/wp\/v2\/pages\/4494","targetHints":{"allow":["GET"]}}],"collection":[{"href":"https:\/\/flashengenharia.com.br\/es\/wp-json\/wp\/v2\/pages"}],"about":[{"href":"https:\/\/flashengenharia.com.br\/es\/wp-json\/wp\/v2\/types\/page"}],"author":[{"embeddable":true,"href":"https:\/\/flashengenharia.com.br\/es\/wp-json\/wp\/v2\/users\/4"}],"replies":[{"embeddable":true,"href":"https:\/\/flashengenharia.com.br\/es\/wp-json\/wp\/v2\/comments?post=4494"}],"version-history":[{"count":0,"href":"https:\/\/flashengenharia.com.br\/es\/wp-json\/wp\/v2\/pages\/4494\/revisions"}],"wp:attachment":[{"href":"https:\/\/flashengenharia.com.br\/es\/wp-json\/wp\/v2\/media?parent=4494"}],"curies":[{"name":"wp","href":"https:\/\/api.w.org\/{rel}","templated":true}]}}