{"id":4504,"date":"2025-10-10T12:05:48","date_gmt":"2025-10-10T15:05:48","guid":{"rendered":"https:\/\/flashengenharia.com.br\/politica-de-cookies-2\/"},"modified":"2026-03-26T14:45:13","modified_gmt":"2026-03-26T17:45:13","slug":"politica-de-cookies","status":"publish","type":"page","link":"https:\/\/flashengenharia.com.br\/es\/politica-de-cookies\/","title":{"rendered":"Pol\u00edtica de Cookies"},"content":{"rendered":"\t\t<div data-elementor-type=\"wp-page\" data-elementor-id=\"4504\" class=\"elementor elementor-4504 elementor-4106\" data-elementor-post-type=\"page\">\n\t\t\t\t<div class=\"elementor-element elementor-element-79b2470 e-flex e-con-boxed e-con e-parent\" data-id=\"79b2470\" data-element_type=\"container\" data-e-type=\"container\">\n\t\t\t\t\t<div class=\"e-con-inner\">\n\t\t\t\t<div class=\"elementor-element elementor-element-e4d0d16 elementor-widget elementor-widget-text-editor\" data-id=\"e4d0d16\" data-element_type=\"widget\" data-e-type=\"widget\" data-widget_type=\"text-editor.default\">\n\t\t\t\t\t\t\t\t\t<h3 style=\"color: #000; border-bottom: 2px solid #ccc; padding-bottom: 10px;\">POL\u00cdTICA DE COOKIES &#8211; FLASH ENGENHARIA<\/h3><p><strong>Ver. 1.0\/2023<\/strong><\/p><p><strong>1. INTRODUCCI\u00d3N<\/strong><\/p><p>La presente Pol\u00edtica de Cookies es parte integrante de nuestra Pol\u00edtica de Privacidad. Para m\u00e1s informaci\u00f3n sobre nuestras pr\u00e1cticas de privacidad y protecci\u00f3n de datos personales, consulte nuestra Pol\u00edtica de Privacidad.<\/p><p>FLASH INDUSTRIA E COMERCIO DE PRODUTOS E SISTEMAS ELETROELETRONICOS LTDA, en adelante denominada \u201cFLASH ENGENHARIA\u201d, CNPJ N\u00ba 04.844.206\/0001-59, con sede en Rua Profesora Celia Cangro Marques Mendes, n\u00b0 1000 &#8211; Alto da Boa Vista \u2013 Sorocaba, SP \u2013 CEP 18.087-171, es la responsable del tratamiento de los datos que recopila y trata la informaci\u00f3n personal proporcionada por un visitante y\/o usuario (&#8220;usted&#8221;) en los sitios de FLASH ENGENHARIA (https:\/\/www.flashengenharia.com.br\/).<\/p><p>El sitio de FLASH ENGENHARIA utiliza cookies para mejorar su rendimiento, optimizar la experiencia de navegaci\u00f3n y, en ciertas \u00e1reas del sitio, para ofrecer una experiencia personalizada, tales como el reconocimiento de su acceso, dirigir ofertas, publicar contenidos seg\u00fan su inter\u00e9s y mejorar nuestro Sitio.<\/p><p>Mucha de la informaci\u00f3n tratada a partir de la instalaci\u00f3n de cookies es anonimizada, es decir, no permite su identificaci\u00f3n. Sin embargo, en algunos casos, a partir de las cookies se tratar\u00e1n datos personales (informaci\u00f3n relacionada con una persona f\u00edsica identificada o identificable, como su nombre e informaci\u00f3n de contacto).<\/p><p>Al acceder al sitio de FLASH ENGENHARIA por primera vez, se le informar\u00e1 mediante un aviso de texto (&#8220;banner&#8221;) sobre las pr\u00e1cticas relacionadas con el uso de cookies. A trav\u00e9s de nuestro panel de &#8220;Control de su privacidad&#8221;, usted podr\u00e1 gestionar sus preferencias.<\/p><p>Al hacer clic en &#8220;Acepto&#8221;, usted acepta expresamente el almacenamiento de cookies en su dispositivo seg\u00fan el campo \u201cMis Opciones\u201d, con el fin de mejorar su navegaci\u00f3n y personalizar nuestras acciones de marketing. Usted puede desactivar las cookies en cualquier momento siguiendo las instrucciones de esta Pol\u00edtica o a trav\u00e9s del &#8220;Gestor de Cookies&#8221;.<\/p><p>\u00a0<\/p><p><strong>2. \u00bfQU\u00c9 SON LAS COOKIES?<\/strong><\/p><p>Las &#8220;cookies&#8221; son peque\u00f1os archivos de texto con letras y n\u00fameros que se instalan en el ordenador o dispositivo m\u00f3vil del usuario. Algunas de ellas son esenciales para el funcionamiento apropiado del sitio.<\/p><p>\u00a0<\/p><p><strong>3. \u00bfPARA QU\u00c9 SIRVEN LAS COOKIES Y QU\u00c9 TIPOS SE UTILIZAN?<\/strong><\/p><p>Las cookies ayudan a FLASH ENGENHARIA a rastrear patrones de tr\u00e1fico, determinar su ubicaci\u00f3n e idioma preferido. Estas son definidas por FLASH ENGENHARIA y se denominan cookies de primera parte (primary cookies).<\/p><p>Tambi\u00e9n utilizamos cookies de terceros para iniciativas de publicidad y marketing, con la finalidad de generar una mejor experiencia dirigida a su perfil.<\/p><p>Las cookies utilizadas ejecutan las siguientes funciones:<\/p><p>Cookies Esenciales\/Necesarias: Son indispensables para el funcionamiento del sitio. Generalmente se configuran en respuesta a acciones realizadas por usted, como definir sus preferencias de privacidad, iniciar sesi\u00f3n o completar formularios. No le identifican personalmente.<\/p><p>Cookies de Rendimiento: Nos ayudan a medir cu\u00e1ntas veces se visita una p\u00e1gina y c\u00f3mo interact\u00faan los usuarios. Todos los datos recopilados son an\u00f3nimos.<\/p><p>Cookies Funcionales: Permiten recordar las configuraciones seleccionadas (como el idioma) para proporcionar funcionalidades mejoradas.<\/p><p>Cookies de Sesi\u00f3n: Ayudan al sitio a rastrear la sesi\u00f3n de un usuario. Se eliminan autom\u00e1ticamente al cerrar la sesi\u00f3n o salir del sitio. No tienen fecha de expiraci\u00f3n.<\/p><p>Cookies de Publicidad y Terceros: Son configuradas por nuestros socios publicitarios para crear un perfil de sus intereses y mostrarle anuncios relevantes en otros sitios. Funcionan identificando de forma exclusiva su navegador y dispositivo.<\/p><p>\u00a0<\/p><p><strong>4. \u00bfPARA QU\u00c9 FINALIDADES UTILIZA FLASH ENGENHARIA LAS COOKIES?<\/strong><\/p><p>Ayudar en la navegaci\u00f3n;<\/p><p>Auxiliar en el registro de eventos, inicio de sesi\u00f3n y feedback;<\/p><p>Analizar el uso de nuestros productos, servicios o aplicaciones;<\/p><p>Medir el uso del sitio (estad\u00edsticas y reproductores de v\u00eddeo);<\/p><p>Facilitar el uso compartido en redes sociales;<\/p><p>Apoyar esfuerzos promocionales y de marketing (publicidad conductual);<\/p><p>Reducir\/Impedir actividades fraudulentas;<\/p><p>Aumentar la seguridad en la navegaci\u00f3n.<\/p><p>\u00a0<\/p><p><strong>5. \u00bfC\u00d3MO PUEDE DESACTIVAR LAS COOKIES?<\/strong><\/p><p>La mayor\u00eda de los navegadores est\u00e1n configurados por defecto para aceptar cookies. Usted puede controlar sus preferencias de las siguientes maneras:<\/p><p>Configurar su navegador para aceptar o eliminar cookies antes de su instalaci\u00f3n;<\/p><p>Eliminar manualmente las cookies a trav\u00e9s de la configuraci\u00f3n del navegador;<\/p><p>Nota: Si desactiva las cookies, es posible que no pueda experimentar completamente algunas p\u00e1ginas o utilizar servicios que requieran identificaci\u00f3n (login) autom\u00e1tica.<\/p><p>Enlaces de ayuda por navegador:<\/p><p><a href=\"https:\/\/support.microsoft.com\/\">Internet Explorer\u2122<\/a><\/p><p><a href=\"http:\/\/support.apple.com\/\">Safari\u2122<\/a><\/p><p><a href=\"https:\/\/support.google.com\/\">Google Chrome\u2122<\/a><\/p><p><a href=\"https:\/\/support.mozilla.org\/\">Firefox\u2122<\/a><\/p><p><a href=\"http:\/\/help.opera.com\/\">Opera\u2122<\/a><\/p><p>Para desactivar Google Analytics: <a href=\"https:\/\/tools.google.com\/dlpage\/gaoptout\">Herramienta de inhabilitaci\u00f3n<\/a><\/p><p>\u00a0<\/p><p><strong>6. \u00bfPOR CU\u00c1NTO TIEMPO ALMACENAMOS SUS DATOS?<\/strong><\/p><p>FLASH ENGENHARIA mantendr\u00e1 sus datos almacenados \u00fanicamente por el tiempo necesario para cumplir con las finalidades para las que fueron recopilados. Los datos ser\u00e1n eliminados al finalizar el tratamiento, respetando las disposiciones legales de mantenimiento o mediante su anonimizaci\u00f3n.<\/p><p>\u00a0<\/p><p><strong>7. PROCEDIMIENTOS DE CAMBIOS NA POL\u00cdTICA DE COOKIES<\/strong><\/p><p>FLASH ENGENHARIA puede modificar esta Pol\u00edtica en cualquier momento. Indicaremos la fecha de la \u00faltima actualizaci\u00f3n al inicio del documento. Los cambios entrar\u00e1n en vigor inmediatamente despu\u00e9s de su publicaci\u00f3n en el sitio.<\/p><p>\u00a0<\/p><p><strong>8. \u00daLTIMA ACTUALIZACI\u00d3N<\/strong><\/p><p>La \u00faltima actualizaci\u00f3n de esta Pol\u00edtica de Cookies se realiz\u00f3 el 16 de diciembre de 2025.<\/p>\t\t\t\t\t\t\t\t<\/div>\n\t\t\t\t\t<\/div>\n\t\t\t\t<\/div>\n\t\t\t\t<\/div>\n\t\t","protected":false},"excerpt":{"rendered":"<p>POL\u00cdTICA DE COOKIES &#8211; FLASH ENGENHARIA Ver. 1.0\/2023 1. INTRODUCCI\u00d3N La presente Pol\u00edtica de Cookies es parte integrante de nuestra Pol\u00edtica de Privacidad. Para m\u00e1s informaci\u00f3n sobre nuestras pr\u00e1cticas de privacidad y protecci\u00f3n de datos personales, consulte nuestra Pol\u00edtica de Privacidad. FLASH INDUSTRIA E COMERCIO DE PRODUTOS E SISTEMAS ELETROELETRONICOS LTDA, en adelante denominada \u201cFLASH [&hellip;]<\/p>\n","protected":false},"author":4,"featured_media":0,"parent":0,"menu_order":0,"comment_status":"closed","ping_status":"closed","template":"","meta":{"_acf_changed":false,"site-sidebar-layout":"no-sidebar","site-content-layout":"page-builder","ast-site-content-layout":"full-width-container","site-content-style":"unboxed","site-sidebar-style":"unboxed","ast-global-header-display":"","ast-banner-title-visibility":"","ast-main-header-display":"","ast-hfb-above-header-display":"","ast-hfb-below-header-display":"","ast-hfb-mobile-header-display":"","site-post-title":"","ast-breadcrumbs-content":"","ast-featured-img":"disabled","footer-sml-layout":"","ast-disable-related-posts":"","theme-transparent-header-meta":"default","adv-header-id-meta":"","stick-header-meta":"","header-above-stick-meta":"","header-main-stick-meta":"","header-below-stick-meta":"","astra-migrate-meta-layouts":"set","ast-page-background-enabled":"default","ast-page-background-meta":{"desktop":{"background-color":"var(--ast-global-color-4)","background-image":"","background-repeat":"repeat","background-position":"center center","background-size":"auto","background-attachment":"scroll","background-type":"","background-media":"","overlay-type":"","overlay-color":"","overlay-opacity":"","overlay-gradient":""},"tablet":{"background-color":"","background-image":"","background-repeat":"repeat","background-position":"center center","background-size":"auto","background-attachment":"scroll","background-type":"","background-media":"","overlay-type":"","overlay-color":"","overlay-opacity":"","overlay-gradient":""},"mobile":{"background-color":"","background-image":"","background-repeat":"repeat","background-position":"center center","background-size":"auto","background-attachment":"scroll","background-type":"","background-media":"","overlay-type":"","overlay-color":"","overlay-opacity":"","overlay-gradient":""}},"ast-content-background-meta":{"desktop":{"background-color":"var(--ast-global-color-5)","background-image":"","background-repeat":"repeat","background-position":"center center","background-size":"auto","background-attachment":"scroll","background-type":"","background-media":"","overlay-type":"","overlay-color":"","overlay-opacity":"","overlay-gradient":""},"tablet":{"background-color":"var(--ast-global-color-5)","background-image":"","background-repeat":"repeat","background-position":"center center","background-size":"auto","background-attachment":"scroll","background-type":"","background-media":"","overlay-type":"","overlay-color":"","overlay-opacity":"","overlay-gradient":""},"mobile":{"background-color":"var(--ast-global-color-5)","background-image":"","background-repeat":"repeat","background-position":"center center","background-size":"auto","background-attachment":"scroll","background-type":"","background-media":"","overlay-type":"","overlay-color":"","overlay-opacity":"","overlay-gradient":""}},"footnotes":""},"class_list":["post-4504","page","type-page","status-publish","hentry"],"acf":[],"yoast_head":"<!-- This site is optimized with the Yoast SEO plugin v27.5 - https:\/\/yoast.com\/product\/yoast-seo-wordpress\/ -->\n<title>Pol\u00edtica de Cookies - Flash Engenharia<\/title>\n<meta name=\"robots\" content=\"index, follow, max-snippet:-1, max-image-preview:large, max-video-preview:-1\" \/>\n<link rel=\"canonical\" href=\"https:\/\/flashengenharia.com.br\/es\/politica-de-cookies\/\" \/>\n<meta property=\"og:locale\" content=\"es_ES\" \/>\n<meta property=\"og:type\" content=\"article\" \/>\n<meta property=\"og:title\" content=\"Pol\u00edtica de Cookies - Flash Engenharia\" \/>\n<meta property=\"og:description\" content=\"POL\u00cdTICA DE COOKIES &#8211; FLASH ENGENHARIA Ver. 1.0\/2023 1. INTRODUCCI\u00d3N La presente Pol\u00edtica de Cookies es parte integrante de nuestra Pol\u00edtica de Privacidad. Para m\u00e1s informaci\u00f3n sobre nuestras pr\u00e1cticas de privacidad y protecci\u00f3n de datos personales, consulte nuestra Pol\u00edtica de Privacidad. FLASH INDUSTRIA E COMERCIO DE PRODUTOS E SISTEMAS ELETROELETRONICOS LTDA, en adelante denominada \u201cFLASH [&hellip;]\" \/>\n<meta property=\"og:url\" content=\"https:\/\/flashengenharia.com.br\/es\/politica-de-cookies\/\" \/>\n<meta property=\"og:site_name\" content=\"Flash Engenharia\" \/>\n<meta property=\"article:modified_time\" content=\"2026-03-26T17:45:13+00:00\" \/>\n<meta name=\"twitter:card\" content=\"summary_large_image\" \/>\n<meta name=\"twitter:label1\" content=\"Tiempo de lectura\" \/>\n\t<meta name=\"twitter:data1\" content=\"4 minutos\" \/>\n<script type=\"application\/ld+json\" class=\"yoast-schema-graph\">{\"@context\":\"https:\\\/\\\/schema.org\",\"@graph\":[{\"@type\":\"WebPage\",\"@id\":\"https:\\\/\\\/flashengenharia.com.br\\\/es\\\/politica-de-cookies\\\/\",\"url\":\"https:\\\/\\\/flashengenharia.com.br\\\/es\\\/politica-de-cookies\\\/\",\"name\":\"Pol\u00edtica de Cookies - Flash Engenharia\",\"isPartOf\":{\"@id\":\"https:\\\/\\\/flashengenharia.com.br\\\/#website\"},\"datePublished\":\"2025-10-10T15:05:48+00:00\",\"dateModified\":\"2026-03-26T17:45:13+00:00\",\"breadcrumb\":{\"@id\":\"https:\\\/\\\/flashengenharia.com.br\\\/es\\\/politica-de-cookies\\\/#breadcrumb\"},\"inLanguage\":\"es\",\"potentialAction\":[{\"@type\":\"ReadAction\",\"target\":[\"https:\\\/\\\/flashengenharia.com.br\\\/es\\\/politica-de-cookies\\\/\"]}]},{\"@type\":\"BreadcrumbList\",\"@id\":\"https:\\\/\\\/flashengenharia.com.br\\\/es\\\/politica-de-cookies\\\/#breadcrumb\",\"itemListElement\":[{\"@type\":\"ListItem\",\"position\":1,\"name\":\"In\u00edcio\",\"item\":\"https:\\\/\\\/flashengenharia.com.br\\\/es\\\/inicio\\\/\"},{\"@type\":\"ListItem\",\"position\":2,\"name\":\"Pol\u00edtica de Cookies\"}]},{\"@type\":\"WebSite\",\"@id\":\"https:\\\/\\\/flashengenharia.com.br\\\/#website\",\"url\":\"https:\\\/\\\/flashengenharia.com.br\\\/\",\"name\":\"Flash Engenharia\",\"description\":\"Estruturas\",\"publisher\":{\"@id\":\"https:\\\/\\\/flashengenharia.com.br\\\/#organization\"},\"potentialAction\":[{\"@type\":\"SearchAction\",\"target\":{\"@type\":\"EntryPoint\",\"urlTemplate\":\"https:\\\/\\\/flashengenharia.com.br\\\/?s={search_term_string}\"},\"query-input\":{\"@type\":\"PropertyValueSpecification\",\"valueRequired\":true,\"valueName\":\"search_term_string\"}}],\"inLanguage\":\"es\"},{\"@type\":\"Organization\",\"@id\":\"https:\\\/\\\/flashengenharia.com.br\\\/#organization\",\"name\":\"Flash Engenharia\",\"url\":\"https:\\\/\\\/flashengenharia.com.br\\\/\",\"logo\":{\"@type\":\"ImageObject\",\"inLanguage\":\"es\",\"@id\":\"https:\\\/\\\/flashengenharia.com.br\\\/#\\\/schema\\\/logo\\\/image\\\/\",\"url\":\"https:\\\/\\\/flashengenharia.com.br\\\/wp-content\\\/uploads\\\/2025\\\/09\\\/LOGO-SITE-1.png\",\"contentUrl\":\"https:\\\/\\\/flashengenharia.com.br\\\/wp-content\\\/uploads\\\/2025\\\/09\\\/LOGO-SITE-1.png\",\"width\":180,\"height\":60,\"caption\":\"Flash Engenharia\"},\"image\":{\"@id\":\"https:\\\/\\\/flashengenharia.com.br\\\/#\\\/schema\\\/logo\\\/image\\\/\"}}]}<\/script>\n<!-- \/ Yoast SEO plugin. -->","yoast_head_json":{"title":"Pol\u00edtica de Cookies - Flash Engenharia","robots":{"index":"index","follow":"follow","max-snippet":"max-snippet:-1","max-image-preview":"max-image-preview:large","max-video-preview":"max-video-preview:-1"},"canonical":"https:\/\/flashengenharia.com.br\/es\/politica-de-cookies\/","og_locale":"es_ES","og_type":"article","og_title":"Pol\u00edtica de Cookies - Flash Engenharia","og_description":"POL\u00cdTICA DE COOKIES &#8211; FLASH ENGENHARIA Ver. 1.0\/2023 1. INTRODUCCI\u00d3N La presente Pol\u00edtica de Cookies es parte integrante de nuestra Pol\u00edtica de Privacidad. Para m\u00e1s informaci\u00f3n sobre nuestras pr\u00e1cticas de privacidad y protecci\u00f3n de datos personales, consulte nuestra Pol\u00edtica de Privacidad. FLASH INDUSTRIA E COMERCIO DE PRODUTOS E SISTEMAS ELETROELETRONICOS LTDA, en adelante denominada \u201cFLASH [&hellip;]","og_url":"https:\/\/flashengenharia.com.br\/es\/politica-de-cookies\/","og_site_name":"Flash Engenharia","article_modified_time":"2026-03-26T17:45:13+00:00","twitter_card":"summary_large_image","twitter_misc":{"Tiempo de lectura":"4 minutos"},"schema":{"@context":"https:\/\/schema.org","@graph":[{"@type":"WebPage","@id":"https:\/\/flashengenharia.com.br\/es\/politica-de-cookies\/","url":"https:\/\/flashengenharia.com.br\/es\/politica-de-cookies\/","name":"Pol\u00edtica de Cookies - Flash Engenharia","isPartOf":{"@id":"https:\/\/flashengenharia.com.br\/#website"},"datePublished":"2025-10-10T15:05:48+00:00","dateModified":"2026-03-26T17:45:13+00:00","breadcrumb":{"@id":"https:\/\/flashengenharia.com.br\/es\/politica-de-cookies\/#breadcrumb"},"inLanguage":"es","potentialAction":[{"@type":"ReadAction","target":["https:\/\/flashengenharia.com.br\/es\/politica-de-cookies\/"]}]},{"@type":"BreadcrumbList","@id":"https:\/\/flashengenharia.com.br\/es\/politica-de-cookies\/#breadcrumb","itemListElement":[{"@type":"ListItem","position":1,"name":"In\u00edcio","item":"https:\/\/flashengenharia.com.br\/es\/inicio\/"},{"@type":"ListItem","position":2,"name":"Pol\u00edtica de Cookies"}]},{"@type":"WebSite","@id":"https:\/\/flashengenharia.com.br\/#website","url":"https:\/\/flashengenharia.com.br\/","name":"Flash Engenharia","description":"Estruturas","publisher":{"@id":"https:\/\/flashengenharia.com.br\/#organization"},"potentialAction":[{"@type":"SearchAction","target":{"@type":"EntryPoint","urlTemplate":"https:\/\/flashengenharia.com.br\/?s={search_term_string}"},"query-input":{"@type":"PropertyValueSpecification","valueRequired":true,"valueName":"search_term_string"}}],"inLanguage":"es"},{"@type":"Organization","@id":"https:\/\/flashengenharia.com.br\/#organization","name":"Flash Engenharia","url":"https:\/\/flashengenharia.com.br\/","logo":{"@type":"ImageObject","inLanguage":"es","@id":"https:\/\/flashengenharia.com.br\/#\/schema\/logo\/image\/","url":"https:\/\/flashengenharia.com.br\/wp-content\/uploads\/2025\/09\/LOGO-SITE-1.png","contentUrl":"https:\/\/flashengenharia.com.br\/wp-content\/uploads\/2025\/09\/LOGO-SITE-1.png","width":180,"height":60,"caption":"Flash Engenharia"},"image":{"@id":"https:\/\/flashengenharia.com.br\/#\/schema\/logo\/image\/"}}]}},"_links":{"self":[{"href":"https:\/\/flashengenharia.com.br\/es\/wp-json\/wp\/v2\/pages\/4504","targetHints":{"allow":["GET"]}}],"collection":[{"href":"https:\/\/flashengenharia.com.br\/es\/wp-json\/wp\/v2\/pages"}],"about":[{"href":"https:\/\/flashengenharia.com.br\/es\/wp-json\/wp\/v2\/types\/page"}],"author":[{"embeddable":true,"href":"https:\/\/flashengenharia.com.br\/es\/wp-json\/wp\/v2\/users\/4"}],"replies":[{"embeddable":true,"href":"https:\/\/flashengenharia.com.br\/es\/wp-json\/wp\/v2\/comments?post=4504"}],"version-history":[{"count":0,"href":"https:\/\/flashengenharia.com.br\/es\/wp-json\/wp\/v2\/pages\/4504\/revisions"}],"wp:attachment":[{"href":"https:\/\/flashengenharia.com.br\/es\/wp-json\/wp\/v2\/media?parent=4504"}],"curies":[{"name":"wp","href":"https:\/\/api.w.org\/{rel}","templated":true}]}}