{"id":4509,"date":"2025-10-10T12:00:15","date_gmt":"2025-10-10T15:00:15","guid":{"rendered":"https:\/\/flashengenharia.com.br\/elementor-4101\/"},"modified":"2026-03-26T14:39:36","modified_gmt":"2026-03-26T17:39:36","slug":"politica-de-privacidad","status":"publish","type":"page","link":"https:\/\/flashengenharia.com.br\/es\/politica-de-privacidad\/","title":{"rendered":"Pol\u00edtica de Privacidad"},"content":{"rendered":"\t\t<div data-elementor-type=\"wp-page\" data-elementor-id=\"4509\" class=\"elementor elementor-4509 elementor-4101\" data-elementor-post-type=\"page\">\n\t\t\t\t<div class=\"elementor-element elementor-element-79b2470 e-flex e-con-boxed e-con e-parent\" data-id=\"79b2470\" data-element_type=\"container\" data-e-type=\"container\">\n\t\t\t\t\t<div class=\"e-con-inner\">\n\t\t\t\t<div class=\"elementor-element elementor-element-e4d0d16 elementor-widget elementor-widget-text-editor\" data-id=\"e4d0d16\" data-element_type=\"widget\" data-e-type=\"widget\" data-widget_type=\"text-editor.default\">\n\t\t\t\t\t\t\t\t\t<h3 style=\"color: #000; border-bottom: 2px solid #ccc; padding-bottom: 10px;\">POL\u00cdTICA DE PRIVACIDAD &#8211; FLASH ENGENHARIA<\/h3><p><strong>Ver.1.0\/2025<\/strong><\/p><p><strong>1. OBJETIVO DE ESTA POL\u00cdTICA<\/strong><\/p><p>FLASH INDUSTRIA E COMERCIO DE PRODUTOS E SISTEMAS ELETROELETRONICOS LTDA, en adelante denominada \u201cFLASH ENGENHARIA\u201d, CNPJ N\u00ba 04.844.206\/0001-59, con sede en Rua Professora Celia Cangro Marques Mendes, n\u00b0 1000 &#8211; Alto da Boa Vista \u2013 Sorocaba, SP \u2013 CEP 18.087-171, es la responsable del tratamiento de los datos personales. La empresa emplea sus mejores esfuerzos para proporcionar medidas de protecci\u00f3n adecuadas en todas sus operaciones e implementar las pol\u00edticas y procedimientos m\u00e1s consistentes, efectivos y rigurosos. Al reconocer la importancia de su privacidad, hemos desarrollado esta Pol\u00edtica para informarle sobre las condiciones bajo las cuales Tratamos y Protegemos sus Datos Personales. Esta Pol\u00edtica tambi\u00e9n describe sus derechos y c\u00f3mo puede contactarnos para ejercerlos.<\/p><p>Los t\u00e9rminos de esta Pol\u00edtica se aplican a los Usuarios y\/o Visitantes del sitio web https:\/\/flashengenharia.com.br, tambi\u00e9n conocidos como CANALES DIGITALES.<\/p><p>\u00a0<\/p><p><strong>2. ORIGEN DE LOS DATOS PERSONALES<\/strong><\/p><p>FLASH ENGENHARIA recopila y trata sus Datos Personales que podr\u00e1n ser proporcionados:<\/p><p>I- Por la empresa que contrata los servicios de FLASH ENGENHARIA en su beneficio; y<\/p><p>II- Por la recopilaci\u00f3n de informaci\u00f3n a trav\u00e9s de otras fuentes confiables.<\/p><p>La informaci\u00f3n recopilada incluye:<\/p><p>a) Persona f\u00edsica: nombre, CPF, RG (documento de identidad), correo electr\u00f3nico, estado civil, n\u00famero de tel\u00e9fono y m\u00f3vil, direcci\u00f3n y fecha de nacimiento.<\/p><p>b) Persona jur\u00eddica: raz\u00f3n social, CNPJ (identificaci\u00f3n fiscal), nombre del representante legal, RG y CPF del representante legal, n\u00famero de empleados, facturaci\u00f3n, direcci\u00f3n completa y tel\u00e9fono.<\/p><p>\u00a0<\/p><p><strong>3. FINALIDADES PARA LAS CUALES UTILIZAMOS DATOS PERSONALES<\/strong><\/p><p>Los Datos Personales recopilados se utilizan para prestar servicios, garantizar su funcionamiento esperado, mejorarlos y ayudar a aumentar la confiabilidad y seguridad. Espec\u00edficamente, para:<\/p><p>Administrar y prestar los servicios contratados;<\/p><p>Informar sobre novedades, funcionalidades, contenidos, beneficios, promociones y eventos;<\/p><p>Creaci\u00f3n de planes de acci\u00f3n para la mejora de productos\/servicios;<\/p><p>Colaborar y\/o cumplir con \u00f3rdenes judiciales o requerimientos de autoridades administrativas.<\/p><p>FLASH ENGENHARIA no vende ni comercializa informaci\u00f3n que pueda identificarlo.<\/p><p>\u00a0<\/p><p><strong>4. BASE LEGAL PARA EL TRATAMENTO DE DATOS PERSONALES<\/strong><\/p><p>Realizamos el Tratamiento de Datos Personales como parte del desempe\u00f1o y gesti\u00f3n de nuestra relaci\u00f3n contractual, en nuestro inter\u00e9s leg\u00edtimo o de terceros, para el cumplimiento de obligaciones legales o regulatorias, o para el ejercicio regular de derechos en procesos judiciales, administrativos o arbitrales. Tambi\u00e9n pueden tratarse basados en su consentimiento previo.<\/p><p>\u00a0<\/p><p><strong>5. USO COMPARTIDO DE DATOS PERSONALES<\/strong><\/p><p>Restringimos el acceso a sus Datos Personales \u00fanicamente a nuestros profesionales debidamente autorizados. Podemos compartir sus datos con entidades dentro del grupo (cliente) y con proveedores de servicios autorizados (Call Center, agentes de relaci\u00f3n, BackOffice, consultores de TI, etc.).<\/p><p>Asimismo, podremos compartir datos para:<\/p><p>I- Cumplir con leyes, regulaciones u \u00f3rdenes judiciales;<\/p><p>II- Responder a solicitudes de \u00f3rganos reguladores o autoridades policiales;<\/p><p>III- Proteger la propiedad o derechos de FLASH ENGENHARIA e investigar fraudes;<\/p><p>IV- Proteger intereses leg\u00edtimos de terceros o la seguridad del personal.<\/p><p>\u00a0<\/p><p><strong>6. ALMACENAMIENTO DE SUS DATOS PERSONALES<\/strong><\/p><p>Almacenamos sus datos en ambientes seguros y confidenciales \u00fanicamente por el tiempo necesario para cumplir las finalidades descritas o por plazos legales. Una vez finalizada la necesidad, los datos ser\u00e1n eliminados mediante m\u00e9todos de descarte seguro o anonimizados para fines estad\u00edsticos.<\/p><p>\u00a0<\/p><p><strong>7. TRANSFERENCIA INTERNACIONAL DE DATOS PERSONALES<\/strong><\/p><p>Eventualmente, sus Datos Personales pueden ser transferidos a destinatarios fuera de Brasil. En tales casos, adoptaremos las medidas necesarias para asegurar garant\u00edas adecuadas de protecci\u00f3n de acuerdo con la LGPD.<\/p><p>\u00a0<\/p><p><strong>8. EJERCICIO DE SUS DERECHOS DERIVADOS DE LA LGPD<\/strong><\/p><p>FLASH ENGENHARIA respeta los derechos del titular de los datos personales (conforme al Art. 18 de la Ley 13.709\/2018). Para ejercerlos, consulte la Secci\u00f3n 12. Podemos solicitar prueba de identidad antes de procesar cualquier solicitud como medida de seguridad.<\/p><p>\u00a0<\/p><p><strong>9. SEGURIDAD APLICABLE A LA PROTECCI\u00d3N DE DATOS<\/strong><\/p><p>Implementamos las mejores pr\u00e1cticas de seguridad t\u00e9cnica y administrativa para proteger sus datos de accesos no autorizados, destrucci\u00f3n, p\u00e9rdida o alteraci\u00f3n accidental o il\u00edcita.<\/p><p>\u00a0<\/p><p><strong>10. ACCESOS Y ACTUALIZACIONES DE LA POL\u00cdTICA<\/strong><\/p><p>Al acceder a los CANALES DIGITALES, usted acepta expresamente esta Pol\u00edtica. Es su responsabilidad proporcionar datos veraces, actuales y precisos. Cualquier cambio en esta Pol\u00edtica ser\u00e1 publicado en los CANALES DIGITALES indicando la fecha de revisi\u00f3n.<\/p><p><strong>11. LEY APLICABLE Y JURISDICCI\u00d3N<\/strong><\/p><p>Esta Pol\u00edtica se rige por la legislaci\u00f3n brasile\u00f1a. Se elige el Foro de la Comarca de Sorocaba para dirimir controversias. Fuera del Estado, se designa a JUSPRO como C\u00e1mara de Mediaci\u00f3n competente seg\u00fan el Art. 52, \u00a77\u00ba de la LGPD.<\/p><p>\u00a0<\/p><p><strong>12. CONTACTO SOBRE SUS DERECHOS (LGPD)<\/strong><\/p><p>FLASH ENGENHARIA ha designado al Sr. Henrique Rodrigues y a la Sra. Jessica Rodrigues como Delegados de Protecci\u00f3n de Datos (DPO).<\/p><p>Tel\u00e9fonos: (47) 93300-8431 (DPO Gestor) | (47) 93300-9607 (DPO Operacional).<\/p><p>Correo electr\u00f3nico: lgpd@flashengenharia.com.br.<\/p><p>Para ejercer sus derechos de acceso o correcci\u00f3n, env\u00ede su solicitud a la direcci\u00f3n f\u00edsica de la sede o al correo electr\u00f3nico mencionado con el asunto: \u201cLGPD &#8211; DPO (cliente)\u201d.<\/p><p>\u00a0<\/p><p><strong>13. \u00daLTIMA ACTUALIZACI\u00d3N Y VERSIONES ANTERIORES<\/strong><\/p><p>La \u00faltima actualizaci\u00f3n de esta Pol\u00edtica de Privacidad se realiz\u00f3 el 11 de diciembre de 2025.<\/p>\t\t\t\t\t\t\t\t<\/div>\n\t\t\t\t\t<\/div>\n\t\t\t\t<\/div>\n\t\t\t\t<\/div>\n\t\t","protected":false},"excerpt":{"rendered":"<p>POL\u00cdTICA DE PRIVACIDAD &#8211; FLASH ENGENHARIA Ver.1.0\/2025 1. OBJETIVO DE ESTA POL\u00cdTICA FLASH INDUSTRIA E COMERCIO DE PRODUTOS E SISTEMAS ELETROELETRONICOS LTDA, en adelante denominada \u201cFLASH ENGENHARIA\u201d, CNPJ N\u00ba 04.844.206\/0001-59, con sede en Rua Professora Celia Cangro Marques Mendes, n\u00b0 1000 &#8211; Alto da Boa Vista \u2013 Sorocaba, SP \u2013 CEP 18.087-171, es la responsable [&hellip;]<\/p>\n","protected":false},"author":4,"featured_media":0,"parent":0,"menu_order":0,"comment_status":"closed","ping_status":"closed","template":"","meta":{"_acf_changed":false,"site-sidebar-layout":"no-sidebar","site-content-layout":"page-builder","ast-site-content-layout":"full-width-container","site-content-style":"unboxed","site-sidebar-style":"unboxed","ast-global-header-display":"","ast-banner-title-visibility":"","ast-main-header-display":"","ast-hfb-above-header-display":"","ast-hfb-below-header-display":"","ast-hfb-mobile-header-display":"","site-post-title":"","ast-breadcrumbs-content":"","ast-featured-img":"disabled","footer-sml-layout":"","ast-disable-related-posts":"","theme-transparent-header-meta":"default","adv-header-id-meta":"","stick-header-meta":"","header-above-stick-meta":"","header-main-stick-meta":"","header-below-stick-meta":"","astra-migrate-meta-layouts":"set","ast-page-background-enabled":"default","ast-page-background-meta":{"desktop":{"background-color":"var(--ast-global-color-4)","background-image":"","background-repeat":"repeat","background-position":"center center","background-size":"auto","background-attachment":"scroll","background-type":"","background-media":"","overlay-type":"","overlay-color":"","overlay-opacity":"","overlay-gradient":""},"tablet":{"background-color":"","background-image":"","background-repeat":"repeat","background-position":"center center","background-size":"auto","background-attachment":"scroll","background-type":"","background-media":"","overlay-type":"","overlay-color":"","overlay-opacity":"","overlay-gradient":""},"mobile":{"background-color":"","background-image":"","background-repeat":"repeat","background-position":"center center","background-size":"auto","background-attachment":"scroll","background-type":"","background-media":"","overlay-type":"","overlay-color":"","overlay-opacity":"","overlay-gradient":""}},"ast-content-background-meta":{"desktop":{"background-color":"var(--ast-global-color-5)","background-image":"","background-repeat":"repeat","background-position":"center center","background-size":"auto","background-attachment":"scroll","background-type":"","background-media":"","overlay-type":"","overlay-color":"","overlay-opacity":"","overlay-gradient":""},"tablet":{"background-color":"var(--ast-global-color-5)","background-image":"","background-repeat":"repeat","background-position":"center center","background-size":"auto","background-attachment":"scroll","background-type":"","background-media":"","overlay-type":"","overlay-color":"","overlay-opacity":"","overlay-gradient":""},"mobile":{"background-color":"var(--ast-global-color-5)","background-image":"","background-repeat":"repeat","background-position":"center center","background-size":"auto","background-attachment":"scroll","background-type":"","background-media":"","overlay-type":"","overlay-color":"","overlay-opacity":"","overlay-gradient":""}},"footnotes":""},"class_list":["post-4509","page","type-page","status-publish","hentry"],"acf":[],"yoast_head":"<!-- This site is optimized with the Yoast SEO plugin v27.6 - https:\/\/yoast.com\/product\/yoast-seo-wordpress\/ -->\n<title>Pol\u00edtica de Privacidad - Flash Engenharia<\/title>\n<meta name=\"robots\" content=\"index, follow, max-snippet:-1, max-image-preview:large, max-video-preview:-1\" \/>\n<link rel=\"canonical\" href=\"https:\/\/flashengenharia.com.br\/es\/politica-de-privacidad\/\" \/>\n<meta property=\"og:locale\" content=\"es_ES\" \/>\n<meta property=\"og:type\" content=\"article\" \/>\n<meta property=\"og:title\" content=\"Pol\u00edtica de Privacidad - Flash Engenharia\" \/>\n<meta property=\"og:description\" content=\"POL\u00cdTICA DE PRIVACIDAD &#8211; FLASH ENGENHARIA Ver.1.0\/2025 1. OBJETIVO DE ESTA POL\u00cdTICA FLASH INDUSTRIA E COMERCIO DE PRODUTOS E SISTEMAS ELETROELETRONICOS LTDA, en adelante denominada \u201cFLASH ENGENHARIA\u201d, CNPJ N\u00ba 04.844.206\/0001-59, con sede en Rua Professora Celia Cangro Marques Mendes, n\u00b0 1000 &#8211; Alto da Boa Vista \u2013 Sorocaba, SP \u2013 CEP 18.087-171, es la responsable [&hellip;]\" \/>\n<meta property=\"og:url\" content=\"https:\/\/flashengenharia.com.br\/es\/politica-de-privacidad\/\" \/>\n<meta property=\"og:site_name\" content=\"Flash Engenharia\" \/>\n<meta property=\"article:modified_time\" content=\"2026-03-26T17:39:36+00:00\" \/>\n<meta name=\"twitter:card\" content=\"summary_large_image\" \/>\n<meta name=\"twitter:label1\" content=\"Tiempo de lectura\" \/>\n\t<meta name=\"twitter:data1\" content=\"5 minutos\" \/>\n<script type=\"application\/ld+json\" class=\"yoast-schema-graph\">{\"@context\":\"https:\\\/\\\/schema.org\",\"@graph\":[{\"@type\":\"WebPage\",\"@id\":\"https:\\\/\\\/flashengenharia.com.br\\\/es\\\/politica-de-privacidad\\\/\",\"url\":\"https:\\\/\\\/flashengenharia.com.br\\\/es\\\/politica-de-privacidad\\\/\",\"name\":\"Pol\u00edtica de Privacidad - Flash Engenharia\",\"isPartOf\":{\"@id\":\"https:\\\/\\\/flashengenharia.com.br\\\/#website\"},\"datePublished\":\"2025-10-10T15:00:15+00:00\",\"dateModified\":\"2026-03-26T17:39:36+00:00\",\"breadcrumb\":{\"@id\":\"https:\\\/\\\/flashengenharia.com.br\\\/es\\\/politica-de-privacidad\\\/#breadcrumb\"},\"inLanguage\":\"es\",\"potentialAction\":[{\"@type\":\"ReadAction\",\"target\":[\"https:\\\/\\\/flashengenharia.com.br\\\/es\\\/politica-de-privacidad\\\/\"]}]},{\"@type\":\"BreadcrumbList\",\"@id\":\"https:\\\/\\\/flashengenharia.com.br\\\/es\\\/politica-de-privacidad\\\/#breadcrumb\",\"itemListElement\":[{\"@type\":\"ListItem\",\"position\":1,\"name\":\"In\u00edcio\",\"item\":\"https:\\\/\\\/flashengenharia.com.br\\\/es\\\/inicio\\\/\"},{\"@type\":\"ListItem\",\"position\":2,\"name\":\"Pol\u00edtica de Privacidad\"}]},{\"@type\":\"WebSite\",\"@id\":\"https:\\\/\\\/flashengenharia.com.br\\\/#website\",\"url\":\"https:\\\/\\\/flashengenharia.com.br\\\/\",\"name\":\"Flash Engenharia\",\"description\":\"Estruturas\",\"publisher\":{\"@id\":\"https:\\\/\\\/flashengenharia.com.br\\\/#organization\"},\"potentialAction\":[{\"@type\":\"SearchAction\",\"target\":{\"@type\":\"EntryPoint\",\"urlTemplate\":\"https:\\\/\\\/flashengenharia.com.br\\\/?s={search_term_string}\"},\"query-input\":{\"@type\":\"PropertyValueSpecification\",\"valueRequired\":true,\"valueName\":\"search_term_string\"}}],\"inLanguage\":\"es\"},{\"@type\":\"Organization\",\"@id\":\"https:\\\/\\\/flashengenharia.com.br\\\/#organization\",\"name\":\"Flash Engenharia\",\"url\":\"https:\\\/\\\/flashengenharia.com.br\\\/\",\"logo\":{\"@type\":\"ImageObject\",\"inLanguage\":\"es\",\"@id\":\"https:\\\/\\\/flashengenharia.com.br\\\/#\\\/schema\\\/logo\\\/image\\\/\",\"url\":\"https:\\\/\\\/flashengenharia.com.br\\\/wp-content\\\/uploads\\\/2025\\\/09\\\/LOGO-SITE-1.png\",\"contentUrl\":\"https:\\\/\\\/flashengenharia.com.br\\\/wp-content\\\/uploads\\\/2025\\\/09\\\/LOGO-SITE-1.png\",\"width\":180,\"height\":60,\"caption\":\"Flash Engenharia\"},\"image\":{\"@id\":\"https:\\\/\\\/flashengenharia.com.br\\\/#\\\/schema\\\/logo\\\/image\\\/\"}}]}<\/script>\n<!-- \/ Yoast SEO plugin. -->","yoast_head_json":{"title":"Pol\u00edtica de Privacidad - Flash Engenharia","robots":{"index":"index","follow":"follow","max-snippet":"max-snippet:-1","max-image-preview":"max-image-preview:large","max-video-preview":"max-video-preview:-1"},"canonical":"https:\/\/flashengenharia.com.br\/es\/politica-de-privacidad\/","og_locale":"es_ES","og_type":"article","og_title":"Pol\u00edtica de Privacidad - Flash Engenharia","og_description":"POL\u00cdTICA DE PRIVACIDAD &#8211; FLASH ENGENHARIA Ver.1.0\/2025 1. OBJETIVO DE ESTA POL\u00cdTICA FLASH INDUSTRIA E COMERCIO DE PRODUTOS E SISTEMAS ELETROELETRONICOS LTDA, en adelante denominada \u201cFLASH ENGENHARIA\u201d, CNPJ N\u00ba 04.844.206\/0001-59, con sede en Rua Professora Celia Cangro Marques Mendes, n\u00b0 1000 &#8211; Alto da Boa Vista \u2013 Sorocaba, SP \u2013 CEP 18.087-171, es la responsable [&hellip;]","og_url":"https:\/\/flashengenharia.com.br\/es\/politica-de-privacidad\/","og_site_name":"Flash Engenharia","article_modified_time":"2026-03-26T17:39:36+00:00","twitter_card":"summary_large_image","twitter_misc":{"Tiempo de lectura":"5 minutos"},"schema":{"@context":"https:\/\/schema.org","@graph":[{"@type":"WebPage","@id":"https:\/\/flashengenharia.com.br\/es\/politica-de-privacidad\/","url":"https:\/\/flashengenharia.com.br\/es\/politica-de-privacidad\/","name":"Pol\u00edtica de Privacidad - Flash Engenharia","isPartOf":{"@id":"https:\/\/flashengenharia.com.br\/#website"},"datePublished":"2025-10-10T15:00:15+00:00","dateModified":"2026-03-26T17:39:36+00:00","breadcrumb":{"@id":"https:\/\/flashengenharia.com.br\/es\/politica-de-privacidad\/#breadcrumb"},"inLanguage":"es","potentialAction":[{"@type":"ReadAction","target":["https:\/\/flashengenharia.com.br\/es\/politica-de-privacidad\/"]}]},{"@type":"BreadcrumbList","@id":"https:\/\/flashengenharia.com.br\/es\/politica-de-privacidad\/#breadcrumb","itemListElement":[{"@type":"ListItem","position":1,"name":"In\u00edcio","item":"https:\/\/flashengenharia.com.br\/es\/inicio\/"},{"@type":"ListItem","position":2,"name":"Pol\u00edtica de Privacidad"}]},{"@type":"WebSite","@id":"https:\/\/flashengenharia.com.br\/#website","url":"https:\/\/flashengenharia.com.br\/","name":"Flash Engenharia","description":"Estruturas","publisher":{"@id":"https:\/\/flashengenharia.com.br\/#organization"},"potentialAction":[{"@type":"SearchAction","target":{"@type":"EntryPoint","urlTemplate":"https:\/\/flashengenharia.com.br\/?s={search_term_string}"},"query-input":{"@type":"PropertyValueSpecification","valueRequired":true,"valueName":"search_term_string"}}],"inLanguage":"es"},{"@type":"Organization","@id":"https:\/\/flashengenharia.com.br\/#organization","name":"Flash Engenharia","url":"https:\/\/flashengenharia.com.br\/","logo":{"@type":"ImageObject","inLanguage":"es","@id":"https:\/\/flashengenharia.com.br\/#\/schema\/logo\/image\/","url":"https:\/\/flashengenharia.com.br\/wp-content\/uploads\/2025\/09\/LOGO-SITE-1.png","contentUrl":"https:\/\/flashengenharia.com.br\/wp-content\/uploads\/2025\/09\/LOGO-SITE-1.png","width":180,"height":60,"caption":"Flash Engenharia"},"image":{"@id":"https:\/\/flashengenharia.com.br\/#\/schema\/logo\/image\/"}}]}},"_links":{"self":[{"href":"https:\/\/flashengenharia.com.br\/es\/wp-json\/wp\/v2\/pages\/4509","targetHints":{"allow":["GET"]}}],"collection":[{"href":"https:\/\/flashengenharia.com.br\/es\/wp-json\/wp\/v2\/pages"}],"about":[{"href":"https:\/\/flashengenharia.com.br\/es\/wp-json\/wp\/v2\/types\/page"}],"author":[{"embeddable":true,"href":"https:\/\/flashengenharia.com.br\/es\/wp-json\/wp\/v2\/users\/4"}],"replies":[{"embeddable":true,"href":"https:\/\/flashengenharia.com.br\/es\/wp-json\/wp\/v2\/comments?post=4509"}],"version-history":[{"count":0,"href":"https:\/\/flashengenharia.com.br\/es\/wp-json\/wp\/v2\/pages\/4509\/revisions"}],"wp:attachment":[{"href":"https:\/\/flashengenharia.com.br\/es\/wp-json\/wp\/v2\/media?parent=4509"}],"curies":[{"name":"wp","href":"https:\/\/api.w.org\/{rel}","templated":true}]}}